{"id":17717,"date":"2024-09-13T17:37:37","date_gmt":"2024-09-13T14:37:37","guid":{"rendered":"https:\/\/alleegalerii.ee\/?post_type=product&#038;p=17717"},"modified":"2024-09-29T09:15:43","modified_gmt":"2024-09-29T06:15:43","slug":"erich-pehap-malestusi-itaalia-reisist-1938","status":"publish","type":"product","link":"https:\/\/alleegalerii.ee\/en\/shop\/erich-pehap-malestusi-itaalia-reisist-1938\/","title":{"rendered":"Erich Pehap \u201cM\u00e4lestusi Itaalia reisist\u201d, 1938"},"content":{"rendered":"","protected":false},"excerpt":{"rendered":"<p>Akvarell paberil. Raamitud.<\/p>\n<p>M\u00f5\u00f5dud: ava 40 x 32 cm, raamiga 58 x 49,5 cm.<\/p>\n<p>All paremal: E. Pehap 38<\/p>\n<p>Viljandist p\u00e4rit Erich Pehap (1912-1981) \u00f5ppis Pallases maalikunsti ning Riigi Kunstit\u00f6\u00f6stuskoolis keraamikat ja tarbegraafikat. K\u00e4esolev Garda j\u00e4rve \u00e4\u00e4rne linnavaade on m\u00e4lestuskild tema Itaalia reisist.<\/p>\n","protected":false},"featured_media":17720,"template":"","meta":{"_acf_changed":false},"product_brand":[],"product_cat":[415,54,57,59],"product_tag":[60],"class_list":{"0":"post-17717","1":"product","2":"type-product","3":"status-publish","4":"has-post-thumbnail","6":"product_cat-maal","7":"product_cat-akvarell","8":"product_cat-muudud","9":"product_cat-e-pood","10":"product_tag-e-pood","12":"first","13":"outofstock","14":"sold-individually","15":"shipping-taxable","16":"purchasable","17":"product-type-simple"},"acf":[],"_links":{"self":[{"href":"https:\/\/alleegalerii.ee\/en\/wp-json\/wp\/v2\/product\/17717","targetHints":{"allow":["GET"]}}],"collection":[{"href":"https:\/\/alleegalerii.ee\/en\/wp-json\/wp\/v2\/product"}],"about":[{"href":"https:\/\/alleegalerii.ee\/en\/wp-json\/wp\/v2\/types\/product"}],"wp:featuredmedia":[{"embeddable":true,"href":"https:\/\/alleegalerii.ee\/en\/wp-json\/wp\/v2\/media\/17720"}],"wp:attachment":[{"href":"https:\/\/alleegalerii.ee\/en\/wp-json\/wp\/v2\/media?parent=17717"}],"wp:term":[{"taxonomy":"product_brand","embeddable":true,"href":"https:\/\/alleegalerii.ee\/en\/wp-json\/wp\/v2\/product_brand?post=17717"},{"taxonomy":"product_cat","embeddable":true,"href":"https:\/\/alleegalerii.ee\/en\/wp-json\/wp\/v2\/product_cat?post=17717"},{"taxonomy":"product_tag","embeddable":true,"href":"https:\/\/alleegalerii.ee\/en\/wp-json\/wp\/v2\/product_tag?post=17717"}],"curies":[{"name":"wp","href":"https:\/\/api.w.org\/{rel}","templated":true}]}}