{"id":17714,"date":"2024-10-22T12:29:11","date_gmt":"2024-10-22T09:29:11","guid":{"rendered":"https:\/\/alleegalerii.ee\/?post_type=product&#038;p=17714"},"modified":"2026-01-16T15:03:07","modified_gmt":"2026-01-16T13:03:07","slug":"eduard-poland-maastik-1928","status":"publish","type":"product","link":"https:\/\/alleegalerii.ee\/en\/shop\/eduard-poland-maastik-1928\/","title":{"rendered":"Eduard Poland &#8220;Maastik&#8221;, 1928"},"content":{"rendered":"","protected":false},"excerpt":{"rendered":"<p>Akvarell paberil.<\/p>\n<p>M\u00f5\u00f5dud: 25,5 x 31 cm.<\/p>\n<p>All paremal: Ed. Poland. XII-928<\/p>\n<p>M\u00fc\u00fcgil raamimata kujul. Soovi korral saame olla abiks raamimise teostamisel.<\/p>\n<p><span style=\"font-weight: 400;\">V\u00f5rtsj\u00e4rve \u00e4\u00e4res s\u00fcndinud Eduard Poland tundis huvi maalimise vastu juba noore poisina, kui oma pereliikmetest fotode j\u00e4rgi portreid maalis. Hiljem kogemustepagasit nii Saksamaal, Prantsusmaal kui Itaalias t\u00e4iendanud Polandi teosed v\u00f5luvad oma vahetu looduselamuse pakkumisega, millesse on segatud m\u00f5\u00f5dukas annus tema enda fantaasiat.<\/span><\/p>\n","protected":false},"featured_media":17715,"template":"","meta":{"_acf_changed":false},"product_brand":[],"product_cat":[415,54,59],"product_tag":[60],"class_list":{"0":"post-17714","1":"product","2":"type-product","3":"status-publish","4":"has-post-thumbnail","6":"product_cat-maal","7":"product_cat-akvarell","8":"product_cat-e-pood","9":"product_tag-e-pood","11":"first","12":"instock","13":"sold-individually","14":"shipping-taxable","15":"purchasable","16":"product-type-simple"},"acf":[],"_links":{"self":[{"href":"https:\/\/alleegalerii.ee\/en\/wp-json\/wp\/v2\/product\/17714","targetHints":{"allow":["GET"]}}],"collection":[{"href":"https:\/\/alleegalerii.ee\/en\/wp-json\/wp\/v2\/product"}],"about":[{"href":"https:\/\/alleegalerii.ee\/en\/wp-json\/wp\/v2\/types\/product"}],"wp:featuredmedia":[{"embeddable":true,"href":"https:\/\/alleegalerii.ee\/en\/wp-json\/wp\/v2\/media\/17715"}],"wp:attachment":[{"href":"https:\/\/alleegalerii.ee\/en\/wp-json\/wp\/v2\/media?parent=17714"}],"wp:term":[{"taxonomy":"product_brand","embeddable":true,"href":"https:\/\/alleegalerii.ee\/en\/wp-json\/wp\/v2\/product_brand?post=17714"},{"taxonomy":"product_cat","embeddable":true,"href":"https:\/\/alleegalerii.ee\/en\/wp-json\/wp\/v2\/product_cat?post=17714"},{"taxonomy":"product_tag","embeddable":true,"href":"https:\/\/alleegalerii.ee\/en\/wp-json\/wp\/v2\/product_tag?post=17714"}],"curies":[{"name":"wp","href":"https:\/\/api.w.org\/{rel}","templated":true}]}}