{"id":17702,"date":"2024-08-31T14:45:48","date_gmt":"2024-08-31T11:45:48","guid":{"rendered":"https:\/\/alleegalerii.ee\/?post_type=product&#038;p=17702"},"modified":"2024-08-31T18:25:02","modified_gmt":"2024-08-31T15:25:02","slug":"mart-bormeister-eesti-rehetuba-1979","status":"publish","type":"product","link":"https:\/\/alleegalerii.ee\/en\/shop\/mart-bormeister-eesti-rehetuba-1979\/","title":{"rendered":"M\u00e4rt Bormeister &#8220;Eesti rehetuba&#8221;, 1979"},"content":{"rendered":"","protected":false},"excerpt":{"rendered":"<p>\u00d5li masoniidil. Raamitud.<\/p>\n<p>M\u00f5\u00f5dud: 50 x 70 cm, raamiga 54,5 x 74,5 cm.<\/p>\n<p>All vasakul: Bormeister Tallinn<br \/>\nP\u00f6\u00f6rdel: M\u00e4rt Bormeister Tallinn MCMLXXIX Eesti rehetuba \u00f5li 50&#215;70<\/p>\n<p>M\u00e4rt Bormeister (1916-1991) oli t\u00f5eline Eesti patrioot \u2013 tema looming valmis vaid kohalikel ainetel. Kuigi ta l\u00f5i t\u00f6id erinevates \u017eanrites, siis menukaimaiks kujunesid Tallinna vaated ning talumaastikud. Viimaseid j\u00e4\u00e4dvustades kandis Bormeister ka olulist pika traditsiooniga taluarhitektuuri dokumenteerimise rolli, mist\u00f5ttu on tema t\u00f6\u00f6de detailitruudus v\u00e4\u00e4rtuslikuks ka ajaloo seisukohalt.<\/p>\n","protected":false},"featured_media":17703,"template":"","meta":{"_acf_changed":false},"product_brand":[],"product_cat":[415,56,59],"product_tag":[60],"class_list":{"0":"post-17702","1":"product","2":"type-product","3":"status-publish","4":"has-post-thumbnail","6":"product_cat-maal","7":"product_cat-olimaal","8":"product_cat-e-pood","9":"product_tag-e-pood","11":"first","12":"instock","13":"sold-individually","14":"shipping-taxable","15":"purchasable","16":"product-type-simple"},"acf":[],"_links":{"self":[{"href":"https:\/\/alleegalerii.ee\/en\/wp-json\/wp\/v2\/product\/17702","targetHints":{"allow":["GET"]}}],"collection":[{"href":"https:\/\/alleegalerii.ee\/en\/wp-json\/wp\/v2\/product"}],"about":[{"href":"https:\/\/alleegalerii.ee\/en\/wp-json\/wp\/v2\/types\/product"}],"wp:featuredmedia":[{"embeddable":true,"href":"https:\/\/alleegalerii.ee\/en\/wp-json\/wp\/v2\/media\/17703"}],"wp:attachment":[{"href":"https:\/\/alleegalerii.ee\/en\/wp-json\/wp\/v2\/media?parent=17702"}],"wp:term":[{"taxonomy":"product_brand","embeddable":true,"href":"https:\/\/alleegalerii.ee\/en\/wp-json\/wp\/v2\/product_brand?post=17702"},{"taxonomy":"product_cat","embeddable":true,"href":"https:\/\/alleegalerii.ee\/en\/wp-json\/wp\/v2\/product_cat?post=17702"},{"taxonomy":"product_tag","embeddable":true,"href":"https:\/\/alleegalerii.ee\/en\/wp-json\/wp\/v2\/product_tag?post=17702"}],"curies":[{"name":"wp","href":"https:\/\/api.w.org\/{rel}","templated":true}]}}