{"id":17697,"date":"2024-08-30T13:58:30","date_gmt":"2024-08-30T10:58:30","guid":{"rendered":"https:\/\/alleegalerii.ee\/?post_type=product&#038;p=17697"},"modified":"2024-08-30T15:06:26","modified_gmt":"2024-08-30T12:06:26","slug":"ove-maidla-must-ja-valge-2019","status":"publish","type":"product","link":"https:\/\/alleegalerii.ee\/en\/shop\/ove-maidla-must-ja-valge-2019\/","title":{"rendered":"Ove Maidla \u201cMust ja valge\u201d, 2019"},"content":{"rendered":"","protected":false},"excerpt":{"rendered":"<p>Linooll\u00f5ige paberil. Raamitud.<\/p>\n<p>M\u00f5\u00f5dud: km 55 x 82,5 cm, raamiga 81 x 104 cm.<\/p>\n<p>All vasakul: &#8220;Must ja valge&#8221; Linooll\u00f5ige 1\/10<br \/>\nAll paremal: OMaidla 2019<\/p>\n<p class=\"p1\">Vabakutseline fotograaf ja kunstnik Ove Maidla (s. 1959) valiti teiste Eesti graafikute poolt 2020-nda aasta parimaks tegijaks. Mitmek\u00fcmnel n\u00e4itusel osalenud Tartu graafiku looming on j\u00f5uline, kontrastne ja loodusl\u00e4hedane.<\/p>\n","protected":false},"featured_media":17699,"template":"","meta":{"_acf_changed":false},"product_brand":[],"product_cat":[61,59],"product_tag":[60],"class_list":{"0":"post-17697","1":"product","2":"type-product","3":"status-publish","4":"has-post-thumbnail","6":"product_cat-graafika","7":"product_cat-e-pood","8":"product_tag-e-pood","10":"first","11":"instock","12":"sold-individually","13":"shipping-taxable","14":"purchasable","15":"product-type-simple"},"acf":[],"_links":{"self":[{"href":"https:\/\/alleegalerii.ee\/en\/wp-json\/wp\/v2\/product\/17697","targetHints":{"allow":["GET"]}}],"collection":[{"href":"https:\/\/alleegalerii.ee\/en\/wp-json\/wp\/v2\/product"}],"about":[{"href":"https:\/\/alleegalerii.ee\/en\/wp-json\/wp\/v2\/types\/product"}],"wp:featuredmedia":[{"embeddable":true,"href":"https:\/\/alleegalerii.ee\/en\/wp-json\/wp\/v2\/media\/17699"}],"wp:attachment":[{"href":"https:\/\/alleegalerii.ee\/en\/wp-json\/wp\/v2\/media?parent=17697"}],"wp:term":[{"taxonomy":"product_brand","embeddable":true,"href":"https:\/\/alleegalerii.ee\/en\/wp-json\/wp\/v2\/product_brand?post=17697"},{"taxonomy":"product_cat","embeddable":true,"href":"https:\/\/alleegalerii.ee\/en\/wp-json\/wp\/v2\/product_cat?post=17697"},{"taxonomy":"product_tag","embeddable":true,"href":"https:\/\/alleegalerii.ee\/en\/wp-json\/wp\/v2\/product_tag?post=17697"}],"curies":[{"name":"wp","href":"https:\/\/api.w.org\/{rel}","templated":true}]}}