{"id":17695,"date":"2024-08-30T15:05:47","date_gmt":"2024-08-30T12:05:47","guid":{"rendered":"https:\/\/alleegalerii.ee\/?post_type=product&#038;p=17695"},"modified":"2024-09-20T19:42:07","modified_gmt":"2024-09-20T16:42:07","slug":"ove-maidla-kevade-esimesed-oied-2023","status":"publish","type":"product","link":"https:\/\/alleegalerii.ee\/en\/shop\/ove-maidla-kevade-esimesed-oied-2023\/","title":{"rendered":"Ove Maidla \u201cKevade esimesed \u00f5ied\u201d, 2023"},"content":{"rendered":"","protected":false},"excerpt":{"rendered":"<p>Linooll\u00f5ige paberil. Raamitud.<\/p>\n<p>M\u00f5\u00f5dud: 83,5 x 61 cm, raamiga 106 x 82 cm.<\/p>\n<p>All vasakul: &#8220;Kevade esimesed \u00f5ied&#8221;. Linooll\u00f5ige AP.Z.<br \/>\nAll paremal: OMaidla 2023.<\/p>\n<p class=\"p1\">Vabakutseline fotograaf ja kunstnik Ove Maidla (s. 1959) valiti teiste Eesti graafikute poolt 2020. aasta parimaks tegijaks. Mitmek\u00fcmnel n\u00e4itusel osalenud Tartu graafiku looming on j\u00f5uline, kontrastne ja loodusl\u00e4hedane.<\/p>\n<p>Teost &#8220;Kevade esimesed \u00f5ied&#8221; eksponeeriti Tartu kunstnike kevadn\u00e4itusel.<\/p>\n","protected":false},"featured_media":17698,"template":"","meta":{"_acf_changed":false},"product_brand":[],"product_cat":[61,59],"product_tag":[60],"class_list":{"0":"post-17695","1":"product","2":"type-product","3":"status-publish","4":"has-post-thumbnail","6":"product_cat-graafika","7":"product_cat-e-pood","8":"product_tag-e-pood","10":"first","11":"instock","12":"sold-individually","13":"shipping-taxable","14":"purchasable","15":"product-type-simple"},"acf":[],"_links":{"self":[{"href":"https:\/\/alleegalerii.ee\/en\/wp-json\/wp\/v2\/product\/17695","targetHints":{"allow":["GET"]}}],"collection":[{"href":"https:\/\/alleegalerii.ee\/en\/wp-json\/wp\/v2\/product"}],"about":[{"href":"https:\/\/alleegalerii.ee\/en\/wp-json\/wp\/v2\/types\/product"}],"wp:featuredmedia":[{"embeddable":true,"href":"https:\/\/alleegalerii.ee\/en\/wp-json\/wp\/v2\/media\/17698"}],"wp:attachment":[{"href":"https:\/\/alleegalerii.ee\/en\/wp-json\/wp\/v2\/media?parent=17695"}],"wp:term":[{"taxonomy":"product_brand","embeddable":true,"href":"https:\/\/alleegalerii.ee\/en\/wp-json\/wp\/v2\/product_brand?post=17695"},{"taxonomy":"product_cat","embeddable":true,"href":"https:\/\/alleegalerii.ee\/en\/wp-json\/wp\/v2\/product_cat?post=17695"},{"taxonomy":"product_tag","embeddable":true,"href":"https:\/\/alleegalerii.ee\/en\/wp-json\/wp\/v2\/product_tag?post=17695"}],"curies":[{"name":"wp","href":"https:\/\/api.w.org\/{rel}","templated":true}]}}