{"id":17686,"date":"2024-08-24T12:49:50","date_gmt":"2024-08-24T09:49:50","guid":{"rendered":"https:\/\/alleegalerii.ee\/?post_type=product&#038;p=17686"},"modified":"2024-11-01T17:08:53","modified_gmt":"2024-11-01T15:08:53","slug":"juri-arrak-meesakt-1961","status":"publish","type":"product","link":"https:\/\/alleegalerii.ee\/en\/shop\/juri-arrak-meesakt-1961\/","title":{"rendered":"J\u00fcri Arrak &#8220;Meesakt&#8221;, 1961"},"content":{"rendered":"","protected":false},"excerpt":{"rendered":"<p>M\u00dc\u00dcDUD<\/p>\n<p>Joonistus paberil. Raamitud.<\/p>\n<p>M\u00f5\u00f5dud: ava 45 x 36,5 cm. Raamiga 69,5 x 52,5 cm.<\/p>\n<p>All paremal: J Arrak metall 61<\/p>\n<p>J\u00fcri Arraku puhul on tegu eesti kaasaegse kunsti suurmeistriga, kelle ainulaadne k\u00e4ekiri sai tuntuks juba ANK64 aegadel. Arraku karj\u00e4\u00e4r nii metalli- kui lavastuskunstnikuna on l\u00e4bi kogemuse saavutanud tippvormi just graafikas ning maalis. Aastal 1988 Eesti NSV teeneliseks kunstnikuks tituleeritud Arrak on muuhulgas p\u00e4lvinud ka Kristjan Raua preemia, Konrad M\u00e4e medali ning Eesti Rahvuskultuuri Fondi elut\u00f6\u00f6 t\u00e4nuauhinna.<\/p>\n<p>K\u00e4esolev teos on valminud \u00f5pingute ajal Eesti Riiklikus Kunstiinstituudis, mille Arrak l\u00f5petas metalliehist\u00f6\u00f6 alal. Osa sellest oli ka joonistuskursus, mis pakkus tulevasele kunstnikule erilist naudingut. Signatuur all paremal kannab aga m\u00e4rki tema toonastest \u00f5pingutest.<\/p>\n","protected":false},"featured_media":17687,"template":"","meta":{"_acf_changed":false},"product_brand":[],"product_cat":[62,57,59],"product_tag":[60],"class_list":{"0":"post-17686","1":"product","2":"type-product","3":"status-publish","4":"has-post-thumbnail","6":"product_cat-joonistus","7":"product_cat-muudud","8":"product_cat-e-pood","9":"product_tag-e-pood","11":"first","12":"outofstock","13":"sold-individually","14":"shipping-taxable","15":"purchasable","16":"product-type-simple"},"acf":[],"_links":{"self":[{"href":"https:\/\/alleegalerii.ee\/en\/wp-json\/wp\/v2\/product\/17686","targetHints":{"allow":["GET"]}}],"collection":[{"href":"https:\/\/alleegalerii.ee\/en\/wp-json\/wp\/v2\/product"}],"about":[{"href":"https:\/\/alleegalerii.ee\/en\/wp-json\/wp\/v2\/types\/product"}],"wp:featuredmedia":[{"embeddable":true,"href":"https:\/\/alleegalerii.ee\/en\/wp-json\/wp\/v2\/media\/17687"}],"wp:attachment":[{"href":"https:\/\/alleegalerii.ee\/en\/wp-json\/wp\/v2\/media?parent=17686"}],"wp:term":[{"taxonomy":"product_brand","embeddable":true,"href":"https:\/\/alleegalerii.ee\/en\/wp-json\/wp\/v2\/product_brand?post=17686"},{"taxonomy":"product_cat","embeddable":true,"href":"https:\/\/alleegalerii.ee\/en\/wp-json\/wp\/v2\/product_cat?post=17686"},{"taxonomy":"product_tag","embeddable":true,"href":"https:\/\/alleegalerii.ee\/en\/wp-json\/wp\/v2\/product_tag?post=17686"}],"curies":[{"name":"wp","href":"https:\/\/api.w.org\/{rel}","templated":true}]}}