{"id":17680,"date":"2024-08-23T14:14:38","date_gmt":"2024-08-23T11:14:38","guid":{"rendered":"https:\/\/alleegalerii.ee\/?post_type=product&#038;p=17680"},"modified":"2024-11-27T09:10:04","modified_gmt":"2024-11-27T07:10:04","slug":"marju-bormeister-nii-on-nii-jaab-2013","status":"publish","type":"product","link":"https:\/\/alleegalerii.ee\/en\/shop\/marju-bormeister-nii-on-nii-jaab-2013\/","title":{"rendered":"Marju Bormeister &#8220;Nii on, nii j\u00e4\u00e4b&#8221;, 2013"},"content":{"rendered":"","protected":false},"excerpt":{"rendered":"<p>M\u00dc\u00dcDUD.<\/p>\n<p>\u00d5li l\u00f5uendil.<\/p>\n<p>M\u00f5\u00f5dud: 100 x 100 cm<\/p>\n<p>All paremal: Marju Bormeister<br \/>\nP\u00f6\u00f6rdel: Marju Bormeister Tallinn &#8220;NII ON, NII J\u00c4\u00c4B&#8221; \u00f5li, l\u00f5uend 2013<\/p>\n","protected":false},"featured_media":17681,"template":"","meta":{"_acf_changed":false},"product_brand":[],"product_cat":[415,56,57,59],"product_tag":[60],"class_list":{"0":"post-17680","1":"product","2":"type-product","3":"status-publish","4":"has-post-thumbnail","6":"product_cat-maal","7":"product_cat-olimaal","8":"product_cat-muudud","9":"product_cat-e-pood","10":"product_tag-e-pood","12":"first","13":"outofstock","14":"sold-individually","15":"shipping-taxable","16":"purchasable","17":"product-type-simple"},"acf":[],"_links":{"self":[{"href":"https:\/\/alleegalerii.ee\/en\/wp-json\/wp\/v2\/product\/17680","targetHints":{"allow":["GET"]}}],"collection":[{"href":"https:\/\/alleegalerii.ee\/en\/wp-json\/wp\/v2\/product"}],"about":[{"href":"https:\/\/alleegalerii.ee\/en\/wp-json\/wp\/v2\/types\/product"}],"wp:featuredmedia":[{"embeddable":true,"href":"https:\/\/alleegalerii.ee\/en\/wp-json\/wp\/v2\/media\/17681"}],"wp:attachment":[{"href":"https:\/\/alleegalerii.ee\/en\/wp-json\/wp\/v2\/media?parent=17680"}],"wp:term":[{"taxonomy":"product_brand","embeddable":true,"href":"https:\/\/alleegalerii.ee\/en\/wp-json\/wp\/v2\/product_brand?post=17680"},{"taxonomy":"product_cat","embeddable":true,"href":"https:\/\/alleegalerii.ee\/en\/wp-json\/wp\/v2\/product_cat?post=17680"},{"taxonomy":"product_tag","embeddable":true,"href":"https:\/\/alleegalerii.ee\/en\/wp-json\/wp\/v2\/product_tag?post=17680"}],"curies":[{"name":"wp","href":"https:\/\/api.w.org\/{rel}","templated":true}]}}