{"id":17679,"date":"2024-08-25T21:29:37","date_gmt":"2024-08-25T18:29:37","guid":{"rendered":"https:\/\/alleegalerii.ee\/?post_type=product&#038;p=17679"},"modified":"2026-01-16T16:44:42","modified_gmt":"2026-01-16T14:44:42","slug":"henno-arrak-naise-bust-ja-punane-draperii-1957","status":"publish","type":"product","link":"https:\/\/alleegalerii.ee\/en\/shop\/henno-arrak-naise-bust-ja-punane-draperii-1957\/","title":{"rendered":"Henno Arrak &#8220;Mehe b\u00fcst ja punane draperii&#8221;, 1957"},"content":{"rendered":"","protected":false},"excerpt":{"rendered":"<p>Akvarell paberil. Raamitud.<\/p>\n<p>M\u00f5\u00f5dud: ava 39,5 x 28 cm, raamiga 54 x 42,5 cm.<\/p>\n<p>All paremal: H. Arrak. Graafika I 1957<\/p>\n<p>Henno Arrak (1930-2017), J\u00fcri Arraku vanem vend, veetis peale teist maailmas\u00f5da n\u00f5ukogudevastaste lendlehtede levitamise eest kuus aastat poliitvangina Kasahstanis. Naastes j\u00e4tkas Arrak \u00f5pinguid ERKI-s ja l\u00f5petas selle 1963. aastal raamatugraafikuna. Arvukate Arraku kujundatud raamatute hulka kuuluvad n\u00e4iteks Enn Kippeli \u201cMeelis\u201d, Voldemar Vaga \u201cKunst Tartus XIX sajandil\u201d ning \u201cKunst Tallinnas XIX sajandil\u201c.<\/p>\n","protected":false},"featured_media":17684,"template":"","meta":{"_acf_changed":false},"product_brand":[],"product_cat":[415,54,59],"product_tag":[60],"class_list":{"0":"post-17679","1":"product","2":"type-product","3":"status-publish","4":"has-post-thumbnail","6":"product_cat-maal","7":"product_cat-akvarell","8":"product_cat-e-pood","9":"product_tag-e-pood","11":"first","12":"instock","13":"sold-individually","14":"shipping-taxable","15":"purchasable","16":"product-type-simple"},"acf":[],"_links":{"self":[{"href":"https:\/\/alleegalerii.ee\/en\/wp-json\/wp\/v2\/product\/17679","targetHints":{"allow":["GET"]}}],"collection":[{"href":"https:\/\/alleegalerii.ee\/en\/wp-json\/wp\/v2\/product"}],"about":[{"href":"https:\/\/alleegalerii.ee\/en\/wp-json\/wp\/v2\/types\/product"}],"wp:featuredmedia":[{"embeddable":true,"href":"https:\/\/alleegalerii.ee\/en\/wp-json\/wp\/v2\/media\/17684"}],"wp:attachment":[{"href":"https:\/\/alleegalerii.ee\/en\/wp-json\/wp\/v2\/media?parent=17679"}],"wp:term":[{"taxonomy":"product_brand","embeddable":true,"href":"https:\/\/alleegalerii.ee\/en\/wp-json\/wp\/v2\/product_brand?post=17679"},{"taxonomy":"product_cat","embeddable":true,"href":"https:\/\/alleegalerii.ee\/en\/wp-json\/wp\/v2\/product_cat?post=17679"},{"taxonomy":"product_tag","embeddable":true,"href":"https:\/\/alleegalerii.ee\/en\/wp-json\/wp\/v2\/product_tag?post=17679"}],"curies":[{"name":"wp","href":"https:\/\/api.w.org\/{rel}","templated":true}]}}