{"id":17660,"date":"2024-08-21T17:25:05","date_gmt":"2024-08-21T14:25:05","guid":{"rendered":"https:\/\/alleegalerii.ee\/?post_type=product&#038;p=17660"},"modified":"2024-09-05T20:52:45","modified_gmt":"2024-09-05T17:52:45","slug":"tonis-vint-kirja-toomine-1985","status":"publish","type":"product","link":"https:\/\/alleegalerii.ee\/en\/shop\/tonis-vint-kirja-toomine-1985\/","title":{"rendered":"T\u00f5nis Vint &#8220;Kirja toomine&#8221;, 1985"},"content":{"rendered":"","protected":false},"excerpt":{"rendered":"<p>K\u00f5rgtr\u00fckk paberil.<\/p>\n<p>M\u00f5\u00f5dud: plm 24 x 22 cm.<\/p>\n<p>All vasakul: &#8220;Kirja toomine&#8221; k\u00f5rgtr\u00fckk 54\/85<br \/>\nAll paremal: \/ T\u00d5NIS VINT 1985<\/p>\n<p>M\u00fc\u00fcgis lehe kujul, soovi korral saame abiks olla raamimisel.<\/p>\n<div class=\"wpb_wrapper is_stuck\">\n<div class=\"wpb_text_column wpb_content_element\">\n<div class=\"wpb_wrapper\">\n<div class=\"ns4p8fja j83agx80 cbu4d94t a6sixzi8 bkfpd7mw jit8km0v\" role=\"none\">\n<div class=\"aovydwv3 j83agx80 cbu4d94t d2edcug0 l9j0dhe7\">\n<div class=\"j83agx80 k4urcfbm\" role=\"none\">\n<div class=\"l60d2q6s d1544ag0 sj5x9vvc tw6a2znq l9j0dhe7 ni8dbmo4 stjgntxs e72ty7fz qlfml3jp inkptoze qmr60zad jm1wdb64 qv66sw1b ljqsnud1 odn2s2vf tkr6xdv7\" role=\"none\">\n<div class=\"rq0escxv l9j0dhe7 du4w35lb __fb-light-mode\" role=\"none\">\n<div class=\"ljqsnud1 ii04i59q\" dir=\"auto\" role=\"none\">T\u00f5nis Vint (1942 \u2013 2019) oli tunnustatud eesti graafik, Eesti Kunstnike Liidu liige ning paljude tulevaste kunstnike inspireerija. Alates 1963. aastast osales Vint arvukatel n\u00e4itustel nii kohalikul kui rahvusvahelistel tasandil ning m\u00e4ngis aktiivset rolli siinse kunstielu edendajana. \u201cKirja toomises\u201d on Vint tausta organiseerimiseks kasutanud ruudus\u00fcsteemi, millele ehitanud s\u00fcmboleid t\u00e4is s\u00fc\u017eee. Esialgu juhuslikult paigutatuna tunduvad esemed ja m\u00e4rgid loovad aga selge esteetilise korra, mis r\u00e4\u00e4gib s\u00fcmbolite keeles s\u00f5numite edastamisest ehk kirja toomisest.<\/div>\n<\/div>\n<\/div>\n<\/div>\n<\/div>\n<\/div>\n<\/div>\n<\/div>\n<\/div>\n","protected":false},"featured_media":17671,"template":"","meta":{"_acf_changed":false},"product_brand":[],"product_cat":[61,57,59],"product_tag":[60],"class_list":{"0":"post-17660","1":"product","2":"type-product","3":"status-publish","4":"has-post-thumbnail","6":"product_cat-graafika","7":"product_cat-muudud","8":"product_cat-e-pood","9":"product_tag-e-pood","11":"first","12":"outofstock","13":"sold-individually","14":"shipping-taxable","15":"purchasable","16":"product-type-simple"},"acf":[],"_links":{"self":[{"href":"https:\/\/alleegalerii.ee\/en\/wp-json\/wp\/v2\/product\/17660","targetHints":{"allow":["GET"]}}],"collection":[{"href":"https:\/\/alleegalerii.ee\/en\/wp-json\/wp\/v2\/product"}],"about":[{"href":"https:\/\/alleegalerii.ee\/en\/wp-json\/wp\/v2\/types\/product"}],"wp:featuredmedia":[{"embeddable":true,"href":"https:\/\/alleegalerii.ee\/en\/wp-json\/wp\/v2\/media\/17671"}],"wp:attachment":[{"href":"https:\/\/alleegalerii.ee\/en\/wp-json\/wp\/v2\/media?parent=17660"}],"wp:term":[{"taxonomy":"product_brand","embeddable":true,"href":"https:\/\/alleegalerii.ee\/en\/wp-json\/wp\/v2\/product_brand?post=17660"},{"taxonomy":"product_cat","embeddable":true,"href":"https:\/\/alleegalerii.ee\/en\/wp-json\/wp\/v2\/product_cat?post=17660"},{"taxonomy":"product_tag","embeddable":true,"href":"https:\/\/alleegalerii.ee\/en\/wp-json\/wp\/v2\/product_tag?post=17660"}],"curies":[{"name":"wp","href":"https:\/\/api.w.org\/{rel}","templated":true}]}}