{"id":17659,"date":"2024-08-21T17:25:42","date_gmt":"2024-08-21T14:25:42","guid":{"rendered":"https:\/\/alleegalerii.ee\/?post_type=product&#038;p=17659"},"modified":"2024-09-05T20:54:09","modified_gmt":"2024-09-05T17:54:09","slug":"tonis-vint-lilleaed-1985","status":"publish","type":"product","link":"https:\/\/alleegalerii.ee\/en\/shop\/tonis-vint-lilleaed-1985\/","title":{"rendered":"T\u00f5nis Vint &#8220;Lilleaed&#8221;, 1985"},"content":{"rendered":"","protected":false},"excerpt":{"rendered":"<p>K\u00f5rgtr\u00fckk paberil.<\/p>\n<p>M\u00f5\u00f5dud: plm 26 x 18,5 cm.<\/p>\n<p>All paremal: &#8220;Lilleaed&#8221; k\u00f5rgtr\u00fckk 56\/85<br \/>\nAll vasakul: \/ T\u00d5NIS VINT 1985<\/p>\n<p>M\u00fc\u00fcgis lehe kujul, soovi korral saame abiks olla raamimisel.<\/p>\n","protected":false},"featured_media":17670,"template":"","meta":{"_acf_changed":false},"product_brand":[],"product_cat":[61,57,59],"product_tag":[60],"class_list":{"0":"post-17659","1":"product","2":"type-product","3":"status-publish","4":"has-post-thumbnail","6":"product_cat-graafika","7":"product_cat-muudud","8":"product_cat-e-pood","9":"product_tag-e-pood","11":"first","12":"outofstock","13":"sold-individually","14":"shipping-taxable","15":"purchasable","16":"product-type-simple"},"acf":[],"_links":{"self":[{"href":"https:\/\/alleegalerii.ee\/en\/wp-json\/wp\/v2\/product\/17659","targetHints":{"allow":["GET"]}}],"collection":[{"href":"https:\/\/alleegalerii.ee\/en\/wp-json\/wp\/v2\/product"}],"about":[{"href":"https:\/\/alleegalerii.ee\/en\/wp-json\/wp\/v2\/types\/product"}],"wp:featuredmedia":[{"embeddable":true,"href":"https:\/\/alleegalerii.ee\/en\/wp-json\/wp\/v2\/media\/17670"}],"wp:attachment":[{"href":"https:\/\/alleegalerii.ee\/en\/wp-json\/wp\/v2\/media?parent=17659"}],"wp:term":[{"taxonomy":"product_brand","embeddable":true,"href":"https:\/\/alleegalerii.ee\/en\/wp-json\/wp\/v2\/product_brand?post=17659"},{"taxonomy":"product_cat","embeddable":true,"href":"https:\/\/alleegalerii.ee\/en\/wp-json\/wp\/v2\/product_cat?post=17659"},{"taxonomy":"product_tag","embeddable":true,"href":"https:\/\/alleegalerii.ee\/en\/wp-json\/wp\/v2\/product_tag?post=17659"}],"curies":[{"name":"wp","href":"https:\/\/api.w.org\/{rel}","templated":true}]}}