{"id":17655,"date":"2024-08-21T17:27:11","date_gmt":"2024-08-21T14:27:11","guid":{"rendered":"https:\/\/alleegalerii.ee\/?post_type=product&#038;p=17655"},"modified":"2024-09-05T20:53:36","modified_gmt":"2024-09-05T17:53:36","slug":"tonis-vint-kevadhaal-1987-2","status":"publish","type":"product","link":"https:\/\/alleegalerii.ee\/en\/shop\/tonis-vint-kevadhaal-1987-2\/","title":{"rendered":"T\u00f5nis Vint &#8220;Kevadh\u00e4\u00e4l&#8221;, 1987"},"content":{"rendered":"","protected":false},"excerpt":{"rendered":"<p>K\u00f5rgtr\u00fckk paberil.<\/p>\n<p>M\u00f5\u00f5dud: Plm 30 x 30 cm.<\/p>\n<p>All vasakul: &#8220;Kevadh\u00e4\u00e4l&#8221; k\u00f5rgtr\u00fckk 68\/85<br \/>\nAll paremal: \/ T\u00d5NIS VINT 1987<\/p>\n<p>M\u00fc\u00fcgis lehe kujul, soovi korral saame abiks olla raamimisel.<\/p>\n<p>Kunsti m\u00f5testaja ja \u00f5ppej\u00f5ud T\u00f5nis Vint (1942-2019) on olnud \u00fcks m\u00f5jukamaid graafikuid eesti kunstis. Kunstir\u00fchmituse ANK\u00b464 kaasasutaja ning erinevaid loomeinimesi koondava r\u00fchmituse Studio 22 looja j\u00e4ttis oma \u00f5petuste ning filosoofiaga kustumatu j\u00e4lje lugematul arvul tulevastele kunstnikele nii Eestist kui mujalt.<\/p>\n<p>Vindi 1980. aastate graafikas ja joonistuses kohtame sageli haldjalikke olendeid geometriseeritud taustal. Stiliseeritud bandaa\u017eides, vaid osaliselt kaetud figuuridest \u00f5hkub oma \u00f5rnusest hoolimata eneseteadlikkust ja tarkust. Need on t\u00fc\u00fcpilised transavangardismi n\u00e4ited, mida iseloomustab m\u00fcstiline alatoon.<\/p>\n","protected":false},"featured_media":17666,"template":"","meta":{"_acf_changed":false},"product_brand":[],"product_cat":[61,57,59],"product_tag":[60],"class_list":{"0":"post-17655","1":"product","2":"type-product","3":"status-publish","4":"has-post-thumbnail","6":"product_cat-graafika","7":"product_cat-muudud","8":"product_cat-e-pood","9":"product_tag-e-pood","11":"first","12":"outofstock","13":"sold-individually","14":"shipping-taxable","15":"purchasable","16":"product-type-simple"},"acf":[],"_links":{"self":[{"href":"https:\/\/alleegalerii.ee\/en\/wp-json\/wp\/v2\/product\/17655","targetHints":{"allow":["GET"]}}],"collection":[{"href":"https:\/\/alleegalerii.ee\/en\/wp-json\/wp\/v2\/product"}],"about":[{"href":"https:\/\/alleegalerii.ee\/en\/wp-json\/wp\/v2\/types\/product"}],"wp:featuredmedia":[{"embeddable":true,"href":"https:\/\/alleegalerii.ee\/en\/wp-json\/wp\/v2\/media\/17666"}],"wp:attachment":[{"href":"https:\/\/alleegalerii.ee\/en\/wp-json\/wp\/v2\/media?parent=17655"}],"wp:term":[{"taxonomy":"product_brand","embeddable":true,"href":"https:\/\/alleegalerii.ee\/en\/wp-json\/wp\/v2\/product_brand?post=17655"},{"taxonomy":"product_cat","embeddable":true,"href":"https:\/\/alleegalerii.ee\/en\/wp-json\/wp\/v2\/product_cat?post=17655"},{"taxonomy":"product_tag","embeddable":true,"href":"https:\/\/alleegalerii.ee\/en\/wp-json\/wp\/v2\/product_tag?post=17655"}],"curies":[{"name":"wp","href":"https:\/\/api.w.org\/{rel}","templated":true}]}}