{"id":17654,"date":"2024-08-21T16:53:28","date_gmt":"2024-08-21T13:53:28","guid":{"rendered":"https:\/\/alleegalerii.ee\/?post_type=product&#038;p=17654"},"modified":"2024-08-21T16:55:57","modified_gmt":"2024-08-21T13:55:57","slug":"evald-okas-purjekad-1976","status":"publish","type":"product","link":"https:\/\/alleegalerii.ee\/en\/shop\/evald-okas-purjekad-1976\/","title":{"rendered":"Evald Okas &#8220;Purjekad&#8221;, 1976"},"content":{"rendered":"","protected":false},"excerpt":{"rendered":"<p>Ofort, akvatinta paberil.<\/p>\n<p>M\u00f5\u00f5dud: Plm 49 x 64,5 cm.<\/p>\n<p>All vasakul: Purjekad. Ofort, akvatina. II 9\/50<br \/>\nAll paremal: EOkas 976<\/p>\n<p>M\u00fc\u00fcgis lehe kujul, soovi korral saame abiks olla raamimisel.<\/p>\n<div class=\"wpb_wrapper is_stuck\">\n<div class=\"wpb_text_column wpb_content_element\">\n<div class=\"wpb_wrapper\">\n<p>Hiivame ankru ja heiskame purjed! Just n\u00f5nda elavalt seilavad l\u00e4bi joontemere purjekad, mille liikumise d\u00fcnaamika on graafikameister Evald Okas (1915-2011) t\u00f5eliselt meisterlikult tabanud.<\/p>\n<p>Visuaalselt m\u00f6llava merevee kujutamist ideaalselt v\u00f5imaldav akvatintatehnika on Okas kombineerinud ofordiga, mille detailide v\u00e4ljatoomiseks sobilik viimistlus aitab omakorda kaasa purjeka t\u00e4psele kujutamisele. Teose pinget v\u00f5imendavad taevas kisendavad kajakad ning kui veelgi t\u00e4helepanelikult vaadata \u2013 siis ka \u00fcks merd trotsiv pootsman.<\/p>\n<\/div>\n<\/div>\n<\/div>\n","protected":false},"featured_media":17665,"template":"","meta":{"_acf_changed":false},"product_brand":[],"product_cat":[61,59],"product_tag":[60],"class_list":{"0":"post-17654","1":"product","2":"type-product","3":"status-publish","4":"has-post-thumbnail","6":"product_cat-graafika","7":"product_cat-e-pood","8":"product_tag-e-pood","10":"first","11":"instock","12":"sold-individually","13":"shipping-taxable","14":"purchasable","15":"product-type-simple"},"acf":[],"_links":{"self":[{"href":"https:\/\/alleegalerii.ee\/en\/wp-json\/wp\/v2\/product\/17654","targetHints":{"allow":["GET"]}}],"collection":[{"href":"https:\/\/alleegalerii.ee\/en\/wp-json\/wp\/v2\/product"}],"about":[{"href":"https:\/\/alleegalerii.ee\/en\/wp-json\/wp\/v2\/types\/product"}],"wp:featuredmedia":[{"embeddable":true,"href":"https:\/\/alleegalerii.ee\/en\/wp-json\/wp\/v2\/media\/17665"}],"wp:attachment":[{"href":"https:\/\/alleegalerii.ee\/en\/wp-json\/wp\/v2\/media?parent=17654"}],"wp:term":[{"taxonomy":"product_brand","embeddable":true,"href":"https:\/\/alleegalerii.ee\/en\/wp-json\/wp\/v2\/product_brand?post=17654"},{"taxonomy":"product_cat","embeddable":true,"href":"https:\/\/alleegalerii.ee\/en\/wp-json\/wp\/v2\/product_cat?post=17654"},{"taxonomy":"product_tag","embeddable":true,"href":"https:\/\/alleegalerii.ee\/en\/wp-json\/wp\/v2\/product_tag?post=17654"}],"curies":[{"name":"wp","href":"https:\/\/api.w.org\/{rel}","templated":true}]}}