{"id":17641,"date":"2024-08-16T12:42:14","date_gmt":"2024-08-16T09:42:14","guid":{"rendered":"https:\/\/alleegalerii.ee\/?post_type=product&#038;p=17641"},"modified":"2026-01-16T16:33:44","modified_gmt":"2026-01-16T14:33:44","slug":"ernst-hallop-suur-munamagi-1964","status":"publish","type":"product","link":"https:\/\/alleegalerii.ee\/en\/shop\/ernst-hallop-suur-munamagi-1964\/","title":{"rendered":"Ernst Hallop &#8220;Suur Munam\u00e4gi&#8221;, 1964"},"content":{"rendered":"","protected":false},"excerpt":{"rendered":"<p>Pastell paberil. Raamitud.<\/p>\n<p>M\u00f5\u00f5dud: 36 x 38 cm, raamiga 50 x 52 cm.<\/p>\n<p>All vasakul: E Hallop 64<br \/>\nP\u00f6\u00f6rdel: E Hallop Seeriast\u00a0 &#8211; L\u00f5unaeesti kaunis loodus &#8220;S. Munam\u00e4gi&#8221; 36 x 38, 1964, pastell<\/p>\n<p>Aedniku perekonnas s\u00fcndinud Ernst Hallop (1908 \u2013 1980) veetis lapsep\u00f5lve V\u00f5rus ning asus hiljem \u00f5ppima Ado Vabbe k\u00e4e alla Pallasesse, mille l\u00f5petas 1934. Juba j\u00e4rgmisel aastal suundus Hallop end kunstialaselt t\u00e4iendama erinevatesse Euroopa riikidesse, hiljem ka N\u00f5ukogude Liidu eri paikadesse. Kodumaal oli tema s\u00fcdamel\u00e4hedaseimaks piirkonnaks ikka L\u00f5una-Eesti, kus oli veetnud enamuse oma noorusp\u00f5lvest.<\/p>\n","protected":false},"featured_media":17642,"template":"","meta":{"_acf_changed":false},"product_brand":[],"product_cat":[415,62,59,68],"product_tag":[60],"class_list":{"0":"post-17641","1":"product","2":"type-product","3":"status-publish","4":"has-post-thumbnail","6":"product_cat-maal","7":"product_cat-joonistus","8":"product_cat-e-pood","9":"product_cat-pastell","10":"product_tag-e-pood","12":"first","13":"instock","14":"sold-individually","15":"shipping-taxable","16":"purchasable","17":"product-type-simple"},"acf":[],"_links":{"self":[{"href":"https:\/\/alleegalerii.ee\/en\/wp-json\/wp\/v2\/product\/17641","targetHints":{"allow":["GET"]}}],"collection":[{"href":"https:\/\/alleegalerii.ee\/en\/wp-json\/wp\/v2\/product"}],"about":[{"href":"https:\/\/alleegalerii.ee\/en\/wp-json\/wp\/v2\/types\/product"}],"wp:featuredmedia":[{"embeddable":true,"href":"https:\/\/alleegalerii.ee\/en\/wp-json\/wp\/v2\/media\/17642"}],"wp:attachment":[{"href":"https:\/\/alleegalerii.ee\/en\/wp-json\/wp\/v2\/media?parent=17641"}],"wp:term":[{"taxonomy":"product_brand","embeddable":true,"href":"https:\/\/alleegalerii.ee\/en\/wp-json\/wp\/v2\/product_brand?post=17641"},{"taxonomy":"product_cat","embeddable":true,"href":"https:\/\/alleegalerii.ee\/en\/wp-json\/wp\/v2\/product_cat?post=17641"},{"taxonomy":"product_tag","embeddable":true,"href":"https:\/\/alleegalerii.ee\/en\/wp-json\/wp\/v2\/product_tag?post=17641"}],"curies":[{"name":"wp","href":"https:\/\/api.w.org\/{rel}","templated":true}]}}