{"id":17637,"date":"2024-08-14T13:58:28","date_gmt":"2024-08-14T10:58:28","guid":{"rendered":"https:\/\/alleegalerii.ee\/?post_type=product&#038;p=17637"},"modified":"2024-10-15T17:32:03","modified_gmt":"2024-10-15T14:32:03","slug":"linda-kohk-alpikannide-ilu","status":"publish","type":"product","link":"https:\/\/alleegalerii.ee\/en\/shop\/linda-kohk-alpikannide-ilu\/","title":{"rendered":"Linda Kohk &#8220;Alpikannide ilu&#8221;"},"content":{"rendered":"","protected":false},"excerpt":{"rendered":"<p>M\u00dc\u00dcDUD.<\/p>\n<p>\u00d5li l\u00f5uendil. Raamitud.<\/p>\n<p>M\u00f5\u00f5dud: 48 x 56 cm, raamiga 53,5 x 62 cm.<\/p>\n<p>All vasakul: L. Kohk<\/p>\n<p>Pallaslane Linda Kohk (1906-1985) osales arvukatel grupin\u00e4itustel \u00fcle Eesti. Eesti Rahva Muuseumi kunstnikuna t\u00f6\u00f6tanud naise loomingut liigub aga v\u00e4he. Peamiselt harrastas kunstnik lillemaali, mis \u00fchelt poolt oli \u00fcks v\u00e4heseid \u017eanre, mis polnud poliitiliselt kallutatud ning teisalt pakkus v\u00f5imalust keskenduda ilusatele asjadele elus.<\/p>\n","protected":false},"featured_media":17639,"template":"","meta":{"_acf_changed":false},"product_brand":[],"product_cat":[415,56,59],"product_tag":[60],"class_list":{"0":"post-17637","1":"product","2":"type-product","3":"status-publish","4":"has-post-thumbnail","6":"product_cat-maal","7":"product_cat-olimaal","8":"product_cat-e-pood","9":"product_tag-e-pood","11":"first","12":"outofstock","13":"sold-individually","14":"shipping-taxable","15":"purchasable","16":"product-type-simple"},"acf":[],"_links":{"self":[{"href":"https:\/\/alleegalerii.ee\/en\/wp-json\/wp\/v2\/product\/17637","targetHints":{"allow":["GET"]}}],"collection":[{"href":"https:\/\/alleegalerii.ee\/en\/wp-json\/wp\/v2\/product"}],"about":[{"href":"https:\/\/alleegalerii.ee\/en\/wp-json\/wp\/v2\/types\/product"}],"wp:featuredmedia":[{"embeddable":true,"href":"https:\/\/alleegalerii.ee\/en\/wp-json\/wp\/v2\/media\/17639"}],"wp:attachment":[{"href":"https:\/\/alleegalerii.ee\/en\/wp-json\/wp\/v2\/media?parent=17637"}],"wp:term":[{"taxonomy":"product_brand","embeddable":true,"href":"https:\/\/alleegalerii.ee\/en\/wp-json\/wp\/v2\/product_brand?post=17637"},{"taxonomy":"product_cat","embeddable":true,"href":"https:\/\/alleegalerii.ee\/en\/wp-json\/wp\/v2\/product_cat?post=17637"},{"taxonomy":"product_tag","embeddable":true,"href":"https:\/\/alleegalerii.ee\/en\/wp-json\/wp\/v2\/product_tag?post=17637"}],"curies":[{"name":"wp","href":"https:\/\/api.w.org\/{rel}","templated":true}]}}