{"id":17628,"date":"2024-08-07T16:22:10","date_gmt":"2024-08-07T13:22:10","guid":{"rendered":"https:\/\/alleegalerii.ee\/?post_type=product&#038;p=17628"},"modified":"2024-08-09T16:44:07","modified_gmt":"2024-08-09T13:44:07","slug":"ernst-hallop-vorumaa-vaade","status":"publish","type":"product","link":"https:\/\/alleegalerii.ee\/en\/shop\/ernst-hallop-vorumaa-vaade\/","title":{"rendered":"Ernst Hallop \u201cV\u00f5rumaa vaade\u201d"},"content":{"rendered":"","protected":false},"excerpt":{"rendered":"<p>S\u00fcsi paberil. Raamitud.<\/p>\n<p>M\u00f5\u00f5dud: ava 47,5 x 30,5 cm, raamiga 63,5 x 44,5 cm.<\/p>\n<p>All paremal: E. Hallop<\/p>\n<p>Aedniku perekonnas s\u00fcndinud Ernst Hallop (1908 \u2013 1980) veetis lapsep\u00f5lve V\u00f5rus ning asus hiljem \u00f5ppima Ado Vabbe k\u00e4e alla Pallasesse, mille l\u00f5petas 1934. Juba j\u00e4rgmisel aastal suundus Hallop end kunstialaselt t\u00e4iendama erinevatesse Euroopa riikidesse, hiljem ka N\u00f5ukogude Liidu eri paikadesse. Kodumaal oli tema s\u00fcdamel\u00e4hedaseimaks piirkonnaks ikka L\u00f5una-Eesti, kus oli veetnud enamuse oma noorusp\u00f5lvest.<\/p>\n","protected":false},"featured_media":17629,"template":"","meta":{"_acf_changed":false},"product_brand":[],"product_cat":[62,59],"product_tag":[60],"class_list":{"0":"post-17628","1":"product","2":"type-product","3":"status-publish","4":"has-post-thumbnail","6":"product_cat-joonistus","7":"product_cat-e-pood","8":"product_tag-e-pood","10":"first","11":"instock","12":"shipping-taxable","13":"purchasable","14":"product-type-simple"},"acf":[],"_links":{"self":[{"href":"https:\/\/alleegalerii.ee\/en\/wp-json\/wp\/v2\/product\/17628","targetHints":{"allow":["GET"]}}],"collection":[{"href":"https:\/\/alleegalerii.ee\/en\/wp-json\/wp\/v2\/product"}],"about":[{"href":"https:\/\/alleegalerii.ee\/en\/wp-json\/wp\/v2\/types\/product"}],"wp:featuredmedia":[{"embeddable":true,"href":"https:\/\/alleegalerii.ee\/en\/wp-json\/wp\/v2\/media\/17629"}],"wp:attachment":[{"href":"https:\/\/alleegalerii.ee\/en\/wp-json\/wp\/v2\/media?parent=17628"}],"wp:term":[{"taxonomy":"product_brand","embeddable":true,"href":"https:\/\/alleegalerii.ee\/en\/wp-json\/wp\/v2\/product_brand?post=17628"},{"taxonomy":"product_cat","embeddable":true,"href":"https:\/\/alleegalerii.ee\/en\/wp-json\/wp\/v2\/product_cat?post=17628"},{"taxonomy":"product_tag","embeddable":true,"href":"https:\/\/alleegalerii.ee\/en\/wp-json\/wp\/v2\/product_tag?post=17628"}],"curies":[{"name":"wp","href":"https:\/\/api.w.org\/{rel}","templated":true}]}}