{"id":17603,"date":"2024-07-03T12:21:35","date_gmt":"2024-07-03T09:21:35","guid":{"rendered":"https:\/\/alleegalerii.ee\/?post_type=product&#038;p=17603"},"modified":"2026-01-16T16:32:50","modified_gmt":"2026-01-16T14:32:50","slug":"hugo-lepik-sadamas","status":"publish","type":"product","link":"https:\/\/alleegalerii.ee\/en\/shop\/hugo-lepik-sadamas\/","title":{"rendered":"Hugo Lepik &#8220;Sadamas&#8221;"},"content":{"rendered":"","protected":false},"excerpt":{"rendered":"<p>\u00d5li l\u00f5uendil. Raamitud.<\/p>\n<p>M\u00f5\u00f5dud: 50 x 64 cm, raamiga 65 x 80 cm.<\/p>\n<p>All vasakul: H. LEPIK<\/p>\n<p>Hugo Lepik (1905-2001) oli enne s\u00f5da tuntud Riigi Kunstt\u00f6\u00f6stuskooli \u00f5ppej\u00f5una ning graafikuna. Selle k\u00f5rval leidis ta end aga \u00fcha enam ka maalijana, mis\u00a0 l\u00f5plikult kujunes tema p\u00f5hialaks Rootsis, kuhu kunstnik 1944. aastal siirdus. Muuseas, kunstiteadlane Kaalu Kirme pidas Lepikut \u00fcheks lootustandvamaks G\u00fcnther Reindorffi \u00f5pilaseks.<\/p>\n","protected":false},"featured_media":17607,"template":"","meta":{"_acf_changed":false},"product_brand":[],"product_cat":[415,56,59],"product_tag":[60],"class_list":{"0":"post-17603","1":"product","2":"type-product","3":"status-publish","4":"has-post-thumbnail","6":"product_cat-maal","7":"product_cat-olimaal","8":"product_cat-e-pood","9":"product_tag-e-pood","11":"first","12":"instock","13":"shipping-taxable","14":"purchasable","15":"product-type-simple"},"acf":[],"_links":{"self":[{"href":"https:\/\/alleegalerii.ee\/en\/wp-json\/wp\/v2\/product\/17603","targetHints":{"allow":["GET"]}}],"collection":[{"href":"https:\/\/alleegalerii.ee\/en\/wp-json\/wp\/v2\/product"}],"about":[{"href":"https:\/\/alleegalerii.ee\/en\/wp-json\/wp\/v2\/types\/product"}],"wp:featuredmedia":[{"embeddable":true,"href":"https:\/\/alleegalerii.ee\/en\/wp-json\/wp\/v2\/media\/17607"}],"wp:attachment":[{"href":"https:\/\/alleegalerii.ee\/en\/wp-json\/wp\/v2\/media?parent=17603"}],"wp:term":[{"taxonomy":"product_brand","embeddable":true,"href":"https:\/\/alleegalerii.ee\/en\/wp-json\/wp\/v2\/product_brand?post=17603"},{"taxonomy":"product_cat","embeddable":true,"href":"https:\/\/alleegalerii.ee\/en\/wp-json\/wp\/v2\/product_cat?post=17603"},{"taxonomy":"product_tag","embeddable":true,"href":"https:\/\/alleegalerii.ee\/en\/wp-json\/wp\/v2\/product_tag?post=17603"}],"curies":[{"name":"wp","href":"https:\/\/api.w.org\/{rel}","templated":true}]}}