{"id":17596,"date":"2024-06-17T15:44:33","date_gmt":"2024-06-17T12:44:33","guid":{"rendered":"https:\/\/alleegalerii.ee\/?post_type=product&#038;p=17596"},"modified":"2025-02-02T18:16:22","modified_gmt":"2025-02-02T16:16:22","slug":"boris-ninemae-pillimees","status":"publish","type":"product","link":"https:\/\/alleegalerii.ee\/en\/shop\/boris-ninemae-pillimees\/","title":{"rendered":"Boris Ninem\u00e4e &#8220;Pillimees&#8221;"},"content":{"rendered":"","protected":false},"excerpt":{"rendered":"<p>\u00d5li l\u00f5uendil. Raamitud.<\/p>\n<p>M\u00f5\u00f5dud: 38 x 46 cm, raamiga 49 x 57 cm.<\/p>\n<p>All paremal: NINEMAE<br \/>\nP\u00f6\u00f6rdel: Sj\u00f6mans &#8211; n\u00f6je i skansen<\/p>\n<p>Oma s\u00fcnnimaa m\u00e4lestustele p\u00f5hinevas loomingus on Eesti Wabariigi aegsel taluelul Boris Ninem\u00e4e (1925-1991) maalides kandev koht. Ninem\u00e4e \u00fcldistab folkloorset jutustavat motiivi, teda huvitab eelk\u00f5ige tinglik, mitte isikup\u00e4rastatud stseen.<\/p>\n<p>&#8220;Pillimees&#8221; kutsub vaataja \u00f5dusasse atmosf\u00e4\u00e4ri, kus \u00f5htusel ajal on lambivalgel tulnud kogu pere kokku, et nautida pillim\u00e4ngu.<\/p>\n","protected":false},"featured_media":17597,"template":"","meta":{"_acf_changed":false},"product_brand":[],"product_cat":[415,56,59],"product_tag":[60],"class_list":{"0":"post-17596","1":"product","2":"type-product","3":"status-publish","4":"has-post-thumbnail","6":"product_cat-maal","7":"product_cat-olimaal","8":"product_cat-e-pood","9":"product_tag-e-pood","11":"first","12":"instock","13":"sold-individually","14":"shipping-taxable","15":"purchasable","16":"product-type-simple"},"acf":[],"_links":{"self":[{"href":"https:\/\/alleegalerii.ee\/en\/wp-json\/wp\/v2\/product\/17596","targetHints":{"allow":["GET"]}}],"collection":[{"href":"https:\/\/alleegalerii.ee\/en\/wp-json\/wp\/v2\/product"}],"about":[{"href":"https:\/\/alleegalerii.ee\/en\/wp-json\/wp\/v2\/types\/product"}],"wp:featuredmedia":[{"embeddable":true,"href":"https:\/\/alleegalerii.ee\/en\/wp-json\/wp\/v2\/media\/17597"}],"wp:attachment":[{"href":"https:\/\/alleegalerii.ee\/en\/wp-json\/wp\/v2\/media?parent=17596"}],"wp:term":[{"taxonomy":"product_brand","embeddable":true,"href":"https:\/\/alleegalerii.ee\/en\/wp-json\/wp\/v2\/product_brand?post=17596"},{"taxonomy":"product_cat","embeddable":true,"href":"https:\/\/alleegalerii.ee\/en\/wp-json\/wp\/v2\/product_cat?post=17596"},{"taxonomy":"product_tag","embeddable":true,"href":"https:\/\/alleegalerii.ee\/en\/wp-json\/wp\/v2\/product_tag?post=17596"}],"curies":[{"name":"wp","href":"https:\/\/api.w.org\/{rel}","templated":true}]}}