{"id":17584,"date":"2024-06-14T17:25:14","date_gmt":"2024-06-14T14:25:14","guid":{"rendered":"https:\/\/alleegalerii.ee\/?post_type=product&#038;p=17584"},"modified":"2026-01-16T16:59:43","modified_gmt":"2026-01-16T14:59:43","slug":"boris-ninemae-lootus","status":"publish","type":"product","link":"https:\/\/alleegalerii.ee\/en\/shop\/boris-ninemae-lootus\/","title":{"rendered":"Boris Ninem\u00e4e &#8220;Lootus&#8221;"},"content":{"rendered":"","protected":false},"excerpt":{"rendered":"<p>\u00d5li l\u00f5uendil. Raamitud.<\/p>\n<p>M\u00f5\u00f5dud: 50 x 61 cm, raamiga 53 x 64 cm.<\/p>\n<p>All paremal: NINEMAE<br \/>\nP\u00f6\u00f6rdel: Hoppets f\u00f6rnyelse<\/p>\n<p>Eestist p\u00e4rit, kuid s\u00f5ja ajal Rootsi emigreerunud Boris Ninem\u00e4el toimusid Isikun\u00e4itused mitmes Rootsi ja Norra linnas: Malm\u00f6, V\u00e4xjo, Karlshamn, Larvik, Elverum, Stockholm. N\u00fc\u00fcd on tema looming viimastel aastatel l\u00f5puks kodumaale tagasi j\u00f5udmas ning seda p\u00f5hjusega \u2013 kujutavad motiividki enamasti just Eestimaad, mis igavesti kunstniku hinge elama j\u00e4i. Tema naivismi sugemetega stseene ranna- ja taluelust iseloomustab soe koloriit ning romantiline arhailisus.<\/p>\n","protected":false},"featured_media":17585,"template":"","meta":{"_acf_changed":false},"product_brand":[],"product_cat":[415,56,59],"product_tag":[60],"class_list":{"0":"post-17584","1":"product","2":"type-product","3":"status-publish","4":"has-post-thumbnail","6":"product_cat-maal","7":"product_cat-olimaal","8":"product_cat-e-pood","9":"product_tag-e-pood","11":"first","12":"instock","13":"sold-individually","14":"shipping-taxable","15":"purchasable","16":"product-type-simple"},"acf":[],"_links":{"self":[{"href":"https:\/\/alleegalerii.ee\/en\/wp-json\/wp\/v2\/product\/17584","targetHints":{"allow":["GET"]}}],"collection":[{"href":"https:\/\/alleegalerii.ee\/en\/wp-json\/wp\/v2\/product"}],"about":[{"href":"https:\/\/alleegalerii.ee\/en\/wp-json\/wp\/v2\/types\/product"}],"wp:featuredmedia":[{"embeddable":true,"href":"https:\/\/alleegalerii.ee\/en\/wp-json\/wp\/v2\/media\/17585"}],"wp:attachment":[{"href":"https:\/\/alleegalerii.ee\/en\/wp-json\/wp\/v2\/media?parent=17584"}],"wp:term":[{"taxonomy":"product_brand","embeddable":true,"href":"https:\/\/alleegalerii.ee\/en\/wp-json\/wp\/v2\/product_brand?post=17584"},{"taxonomy":"product_cat","embeddable":true,"href":"https:\/\/alleegalerii.ee\/en\/wp-json\/wp\/v2\/product_cat?post=17584"},{"taxonomy":"product_tag","embeddable":true,"href":"https:\/\/alleegalerii.ee\/en\/wp-json\/wp\/v2\/product_tag?post=17584"}],"curies":[{"name":"wp","href":"https:\/\/api.w.org\/{rel}","templated":true}]}}