{"id":17583,"date":"2024-06-14T17:26:26","date_gmt":"2024-06-14T14:26:26","guid":{"rendered":"https:\/\/alleegalerii.ee\/?post_type=product&#038;p=17583"},"modified":"2025-01-23T14:19:02","modified_gmt":"2025-01-23T12:19:02","slug":"boris-ninemae-jaanipaev","status":"publish","type":"product","link":"https:\/\/alleegalerii.ee\/en\/shop\/boris-ninemae-jaanipaev\/","title":{"rendered":"Boris Ninem\u00e4e &#8220;Jaanip\u00e4ev&#8221;"},"content":{"rendered":"","protected":false},"excerpt":{"rendered":"<p>\u00d5li l\u00f5uendil. Raamitud.<\/p>\n<p>M\u00f5\u00f5dud: 50 x 61 cm, raamiga 68 x 79,5 cm.<\/p>\n<p>All paremal: NINEMAE<br \/>\nP\u00f6\u00f6rdel: Midsommer i byn<\/p>\n<p><span style=\"font-weight: 400;\">V\u00e4liseesti kunstniku Boris Ninem\u00e4e (1925-1991) teoseid on viimastel aastatel t\u00e4nu kunstikogujate panusele tagasi kodumaale j\u00f5udnud. Tema reljeefne pintslikiri on selgelt isikup\u00e4rane ning teemadering hindab lihtsaid, igap\u00e4evaseid tegevusi me elus. <\/span><\/p>\n<p><span style=\"font-weight: 400;\">Nii kajastab ka \u201cJaanip\u00e4ev\u201d maarahva \u00fcht olulisemat p\u00fcha. Kunstnik on maali k\u00e4tkenud mitu eraldiseisvat jutustust ning j\u00e4tab vaataja otsustada, milliseid m\u00f5tteid m\u00f5lgutavad esiplaanil olev paar, aiale toetuv noormees v\u00f5i tagaplaanile j\u00e4\u00e4v ema lapsega. Ninem\u00e4ele omaselt on ta oskuslikult teoses v\u00e4lja toonud sini-must-valge kombinatsiooni, vihjates igatsusele koduse Eestimaa j\u00e4rgi.<\/span><\/p>\n","protected":false},"featured_media":17587,"template":"","meta":{"_acf_changed":false},"product_brand":[],"product_cat":[415,56,57,59],"product_tag":[60],"class_list":{"0":"post-17583","1":"product","2":"type-product","3":"status-publish","4":"has-post-thumbnail","6":"product_cat-maal","7":"product_cat-olimaal","8":"product_cat-muudud","9":"product_cat-e-pood","10":"product_tag-e-pood","12":"first","13":"outofstock","14":"sold-individually","15":"shipping-taxable","16":"purchasable","17":"product-type-simple"},"acf":[],"_links":{"self":[{"href":"https:\/\/alleegalerii.ee\/en\/wp-json\/wp\/v2\/product\/17583","targetHints":{"allow":["GET"]}}],"collection":[{"href":"https:\/\/alleegalerii.ee\/en\/wp-json\/wp\/v2\/product"}],"about":[{"href":"https:\/\/alleegalerii.ee\/en\/wp-json\/wp\/v2\/types\/product"}],"wp:featuredmedia":[{"embeddable":true,"href":"https:\/\/alleegalerii.ee\/en\/wp-json\/wp\/v2\/media\/17587"}],"wp:attachment":[{"href":"https:\/\/alleegalerii.ee\/en\/wp-json\/wp\/v2\/media?parent=17583"}],"wp:term":[{"taxonomy":"product_brand","embeddable":true,"href":"https:\/\/alleegalerii.ee\/en\/wp-json\/wp\/v2\/product_brand?post=17583"},{"taxonomy":"product_cat","embeddable":true,"href":"https:\/\/alleegalerii.ee\/en\/wp-json\/wp\/v2\/product_cat?post=17583"},{"taxonomy":"product_tag","embeddable":true,"href":"https:\/\/alleegalerii.ee\/en\/wp-json\/wp\/v2\/product_tag?post=17583"}],"curies":[{"name":"wp","href":"https:\/\/api.w.org\/{rel}","templated":true}]}}