{"id":17582,"date":"2024-06-14T17:28:23","date_gmt":"2024-06-14T14:28:23","guid":{"rendered":"https:\/\/alleegalerii.ee\/?post_type=product&#038;p=17582"},"modified":"2024-11-27T09:12:55","modified_gmt":"2024-11-27T07:12:55","slug":"boris-ninemae-heinakoristus","status":"publish","type":"product","link":"https:\/\/alleegalerii.ee\/en\/shop\/boris-ninemae-heinakoristus\/","title":{"rendered":"Boris Ninem\u00e4e &#8220;Heinategu&#8221;, 1950-60ndad"},"content":{"rendered":"","protected":false},"excerpt":{"rendered":"<p>M\u00dc\u00dcDUD.<\/p>\n<p>\u00d5li l\u00f5uendil. Raamitud.<\/p>\n<p>M\u00f5\u00f5dud: 50 x 61 cm, raamiga 64 x 75 cm.<\/p>\n<p>All paremal: NINEMAE<br \/>\nP\u00f6\u00f6rdel: Bradskande sk\u00f6rdetid<\/p>\n<div class=\"wpb_wrapper is_stuck\">\n<div class=\"wpb_text_column wpb_content_element\">\n<div class=\"wpb_wrapper\">\n<p>Eestist p\u00e4rit, kuid s\u00f5ja ajal Rootsi emigreerunud Boris Ninem\u00e4e j\u00e4i ka paguluses kujutama kodumaiseid vaateid ja teemasid. Tema hoogsate pintslit\u00f5mmetega edasi antud stseenid ranna- ja taluelust olid edasi antud igatsuslikult soojas koloriidis.<\/p>\n<p>Soe ja helge on m\u00e4rks\u00f5nad, mis iseloomustavad ka \u201cHeinategu\u201d. Kunstnik on hinnanud p\u00e4ikese mahedalt sooja s\u00e4ra. V\u00e4ikese, kuid olulise lisan\u00fcansina on ta figuraalkompositsiooni sulandanud ka sini-must-valge \u2013 austusavaldusena kodumaale, kuhu hing ikka tagasi ihkas.<\/p>\n<p>&nbsp;<\/p>\n<\/div>\n<\/div>\n<\/div>\n","protected":false},"featured_media":17589,"template":"","meta":{"_acf_changed":false},"product_brand":[],"product_cat":[415,56,57,59],"product_tag":[60],"class_list":{"0":"post-17582","1":"product","2":"type-product","3":"status-publish","4":"has-post-thumbnail","6":"product_cat-maal","7":"product_cat-olimaal","8":"product_cat-muudud","9":"product_cat-e-pood","10":"product_tag-e-pood","12":"first","13":"outofstock","14":"sold-individually","15":"shipping-taxable","16":"purchasable","17":"product-type-simple"},"acf":[],"_links":{"self":[{"href":"https:\/\/alleegalerii.ee\/en\/wp-json\/wp\/v2\/product\/17582","targetHints":{"allow":["GET"]}}],"collection":[{"href":"https:\/\/alleegalerii.ee\/en\/wp-json\/wp\/v2\/product"}],"about":[{"href":"https:\/\/alleegalerii.ee\/en\/wp-json\/wp\/v2\/types\/product"}],"wp:featuredmedia":[{"embeddable":true,"href":"https:\/\/alleegalerii.ee\/en\/wp-json\/wp\/v2\/media\/17589"}],"wp:attachment":[{"href":"https:\/\/alleegalerii.ee\/en\/wp-json\/wp\/v2\/media?parent=17582"}],"wp:term":[{"taxonomy":"product_brand","embeddable":true,"href":"https:\/\/alleegalerii.ee\/en\/wp-json\/wp\/v2\/product_brand?post=17582"},{"taxonomy":"product_cat","embeddable":true,"href":"https:\/\/alleegalerii.ee\/en\/wp-json\/wp\/v2\/product_cat?post=17582"},{"taxonomy":"product_tag","embeddable":true,"href":"https:\/\/alleegalerii.ee\/en\/wp-json\/wp\/v2\/product_tag?post=17582"}],"curies":[{"name":"wp","href":"https:\/\/api.w.org\/{rel}","templated":true}]}}