{"id":17557,"date":"2024-06-17T17:16:16","date_gmt":"2024-06-17T14:16:16","guid":{"rendered":"https:\/\/alleegalerii.ee\/?post_type=product&#038;p=17557"},"modified":"2026-01-16T15:46:23","modified_gmt":"2026-01-16T13:46:23","slug":"joann-saarniit-maastik","status":"publish","type":"product","link":"https:\/\/alleegalerii.ee\/en\/shop\/joann-saarniit-maastik\/","title":{"rendered":"Joann Saarniit &#8220;Kodu rannikul&#8221;"},"content":{"rendered":"","protected":false},"excerpt":{"rendered":"<p>\u00d5li masoniidil. Raamitud.<\/p>\n<p>M\u00f5\u00f5dud: 41 x 56 cm, raamiga 55 x 71 cm.<\/p>\n<p>All paremal: John Saarniit<\/p>\n<p>Tallinna kunstt\u00f6\u00f6stuskooli vilistlane Joann Saarniit (1909-1984) tegi maalikunstnikuna Kanadas v\u00e4ga edukat karj\u00e4\u00e4ri. Ta sai kunstihariduse oma ala parimatelt meistritelt \u2013 August Jansenilt p\u00e4ritud v\u00e4rvitunnetust ning Kristjan Rauale omast j\u00f5ulist ekspressiivsust on n\u00e4ha ka Saarniidu hilisemas loomingus, mis valmis kodumaast eemal.<\/p>\n","protected":false},"featured_media":17565,"template":"","meta":{"_acf_changed":false},"product_brand":[],"product_cat":[415,56,59],"product_tag":[60],"class_list":{"0":"post-17557","1":"product","2":"type-product","3":"status-publish","4":"has-post-thumbnail","6":"product_cat-maal","7":"product_cat-olimaal","8":"product_cat-e-pood","9":"product_tag-e-pood","11":"first","12":"instock","13":"sold-individually","14":"shipping-taxable","15":"purchasable","16":"product-type-simple"},"acf":[],"_links":{"self":[{"href":"https:\/\/alleegalerii.ee\/en\/wp-json\/wp\/v2\/product\/17557","targetHints":{"allow":["GET"]}}],"collection":[{"href":"https:\/\/alleegalerii.ee\/en\/wp-json\/wp\/v2\/product"}],"about":[{"href":"https:\/\/alleegalerii.ee\/en\/wp-json\/wp\/v2\/types\/product"}],"wp:featuredmedia":[{"embeddable":true,"href":"https:\/\/alleegalerii.ee\/en\/wp-json\/wp\/v2\/media\/17565"}],"wp:attachment":[{"href":"https:\/\/alleegalerii.ee\/en\/wp-json\/wp\/v2\/media?parent=17557"}],"wp:term":[{"taxonomy":"product_brand","embeddable":true,"href":"https:\/\/alleegalerii.ee\/en\/wp-json\/wp\/v2\/product_brand?post=17557"},{"taxonomy":"product_cat","embeddable":true,"href":"https:\/\/alleegalerii.ee\/en\/wp-json\/wp\/v2\/product_cat?post=17557"},{"taxonomy":"product_tag","embeddable":true,"href":"https:\/\/alleegalerii.ee\/en\/wp-json\/wp\/v2\/product_tag?post=17557"}],"curies":[{"name":"wp","href":"https:\/\/api.w.org\/{rel}","templated":true}]}}