{"id":17553,"date":"2024-06-15T14:38:11","date_gmt":"2024-06-15T11:38:11","guid":{"rendered":"https:\/\/alleegalerii.ee\/?post_type=product&#038;p=17553"},"modified":"2026-01-16T16:49:04","modified_gmt":"2026-01-16T14:49:04","slug":"rudolf-sepp-lilled-vaasis-1943","status":"publish","type":"product","link":"https:\/\/alleegalerii.ee\/en\/shop\/rudolf-sepp-lilled-vaasis-1943\/","title":{"rendered":"Rudolf Sepp &#8220;P\u00e4evalilled&#8221;, 1943"},"content":{"rendered":"","protected":false},"excerpt":{"rendered":"<p>\u00d5li paberil. Raamitud.<\/p>\n<p>M\u00f5\u00f5dud: ava 24 x 17,5 cm, raamiga 52 x 40,5 cm.<\/p>\n<p>All paremal: R. Sepp 43<\/p>\n<p>V\u00f5rumaal, Viitina vallas s\u00fcndinud Rudolf Sepp (1902-1980) leidis juba Pallases \u00f5ppides oma hoogsa k\u00e4ekirja ja esines n\u00e4itustel 1930. aastatest alates. Konrad M\u00e4e ja Nikolai Triigi k\u00e4e all maalimisega alustanud\u00a0 Sepale avaldas aga enim m\u00f5ju \u00f5ppej\u00f5ud Ado Vabbe, kes julgustas teda kaevuma s\u00fcgavale endasse ning leidma just talle ainuomast stiili.<\/p>\n","protected":false},"featured_media":17573,"template":"","meta":{"_acf_changed":false},"product_brand":[],"product_cat":[415,56,59],"product_tag":[60],"class_list":{"0":"post-17553","1":"product","2":"type-product","3":"status-publish","4":"has-post-thumbnail","6":"product_cat-maal","7":"product_cat-olimaal","8":"product_cat-e-pood","9":"product_tag-e-pood","11":"first","12":"instock","13":"sold-individually","14":"shipping-taxable","15":"purchasable","16":"product-type-simple"},"acf":[],"_links":{"self":[{"href":"https:\/\/alleegalerii.ee\/en\/wp-json\/wp\/v2\/product\/17553","targetHints":{"allow":["GET"]}}],"collection":[{"href":"https:\/\/alleegalerii.ee\/en\/wp-json\/wp\/v2\/product"}],"about":[{"href":"https:\/\/alleegalerii.ee\/en\/wp-json\/wp\/v2\/types\/product"}],"wp:featuredmedia":[{"embeddable":true,"href":"https:\/\/alleegalerii.ee\/en\/wp-json\/wp\/v2\/media\/17573"}],"wp:attachment":[{"href":"https:\/\/alleegalerii.ee\/en\/wp-json\/wp\/v2\/media?parent=17553"}],"wp:term":[{"taxonomy":"product_brand","embeddable":true,"href":"https:\/\/alleegalerii.ee\/en\/wp-json\/wp\/v2\/product_brand?post=17553"},{"taxonomy":"product_cat","embeddable":true,"href":"https:\/\/alleegalerii.ee\/en\/wp-json\/wp\/v2\/product_cat?post=17553"},{"taxonomy":"product_tag","embeddable":true,"href":"https:\/\/alleegalerii.ee\/en\/wp-json\/wp\/v2\/product_tag?post=17553"}],"curies":[{"name":"wp","href":"https:\/\/api.w.org\/{rel}","templated":true}]}}