{"id":17551,"date":"2024-06-17T17:16:39","date_gmt":"2024-06-17T14:16:39","guid":{"rendered":"https:\/\/alleegalerii.ee\/?post_type=product&#038;p=17551"},"modified":"2024-06-26T23:27:33","modified_gmt":"2024-06-26T20:27:33","slug":"lembit-rand-agulivaade","status":"publish","type":"product","link":"https:\/\/alleegalerii.ee\/en\/shop\/lembit-rand-agulivaade\/","title":{"rendered":"Lembit R\u00e4nd &#8220;\u00d5htune linn&#8221;"},"content":{"rendered":"","protected":false},"excerpt":{"rendered":"<p>\u00d5li l\u00f5uendil. Raamitud.<\/p>\n<p>M\u00f5\u00f5dud: 26 x 36 cm, raamiga 42 x 52 cm.<\/p>\n<p>All paremal: LRAND<\/p>\n","protected":false},"featured_media":17577,"template":"","meta":{"_acf_changed":false},"product_brand":[],"product_cat":[415,56,59],"product_tag":[60],"class_list":{"0":"post-17551","1":"product","2":"type-product","3":"status-publish","4":"has-post-thumbnail","6":"product_cat-maal","7":"product_cat-olimaal","8":"product_cat-e-pood","9":"product_tag-e-pood","11":"first","12":"instock","13":"sold-individually","14":"shipping-taxable","15":"purchasable","16":"product-type-simple"},"acf":[],"_links":{"self":[{"href":"https:\/\/alleegalerii.ee\/en\/wp-json\/wp\/v2\/product\/17551","targetHints":{"allow":["GET"]}}],"collection":[{"href":"https:\/\/alleegalerii.ee\/en\/wp-json\/wp\/v2\/product"}],"about":[{"href":"https:\/\/alleegalerii.ee\/en\/wp-json\/wp\/v2\/types\/product"}],"wp:featuredmedia":[{"embeddable":true,"href":"https:\/\/alleegalerii.ee\/en\/wp-json\/wp\/v2\/media\/17577"}],"wp:attachment":[{"href":"https:\/\/alleegalerii.ee\/en\/wp-json\/wp\/v2\/media?parent=17551"}],"wp:term":[{"taxonomy":"product_brand","embeddable":true,"href":"https:\/\/alleegalerii.ee\/en\/wp-json\/wp\/v2\/product_brand?post=17551"},{"taxonomy":"product_cat","embeddable":true,"href":"https:\/\/alleegalerii.ee\/en\/wp-json\/wp\/v2\/product_cat?post=17551"},{"taxonomy":"product_tag","embeddable":true,"href":"https:\/\/alleegalerii.ee\/en\/wp-json\/wp\/v2\/product_tag?post=17551"}],"curies":[{"name":"wp","href":"https:\/\/api.w.org\/{rel}","templated":true}]}}