{"id":17548,"date":"2024-06-14T17:38:30","date_gmt":"2024-06-14T14:38:30","guid":{"rendered":"https:\/\/alleegalerii.ee\/?post_type=product&#038;p=17548"},"modified":"2024-12-04T17:18:42","modified_gmt":"2024-12-04T15:18:42","slug":"erich-pehap-piduliku-ohtu-eel-1954","status":"publish","type":"product","link":"https:\/\/alleegalerii.ee\/en\/shop\/erich-pehap-piduliku-ohtu-eel-1954\/","title":{"rendered":"Erich Pehap &#8220;Piduliku \u00f5htu eel&#8221;, 1954"},"content":{"rendered":"","protected":false},"excerpt":{"rendered":"<p>M\u00dc\u00dcDUD.<\/p>\n<p>\u00d5li paberil. Raamitud.<\/p>\n<p>M\u00f5\u00f5dud: ava 30 x 23 cm, raamiga 50 x 40,5 cm.<\/p>\n<p>All vasakul: Pehap 1954<\/p>\n<p>Erich Pehapi (1912-1981) loomingu keskmes oli inimene. Sageli kujutasid tema figuraalkompositsioonid stseene kohvikuist, kontsertidelt v\u00f5i muudest avalikest paikadest. K\u00e4esoleval teosel viib Pehap aga vaataja peoeelsesse keskkonda, n\u00e4idates pidulikku hetke ettevalmistavat protsessi, mis sageli on sama meelik\u00f6itev ja erutav kui eesootav s\u00fcndmus.<\/p>\n","protected":false},"featured_media":17563,"template":"","meta":{"_acf_changed":false},"product_brand":[],"product_cat":[415,56,57,59],"product_tag":[60],"class_list":{"0":"post-17548","1":"product","2":"type-product","3":"status-publish","4":"has-post-thumbnail","6":"product_cat-maal","7":"product_cat-olimaal","8":"product_cat-muudud","9":"product_cat-e-pood","10":"product_tag-e-pood","12":"first","13":"outofstock","14":"sold-individually","15":"shipping-taxable","16":"purchasable","17":"product-type-simple"},"acf":[],"_links":{"self":[{"href":"https:\/\/alleegalerii.ee\/en\/wp-json\/wp\/v2\/product\/17548","targetHints":{"allow":["GET"]}}],"collection":[{"href":"https:\/\/alleegalerii.ee\/en\/wp-json\/wp\/v2\/product"}],"about":[{"href":"https:\/\/alleegalerii.ee\/en\/wp-json\/wp\/v2\/types\/product"}],"wp:featuredmedia":[{"embeddable":true,"href":"https:\/\/alleegalerii.ee\/en\/wp-json\/wp\/v2\/media\/17563"}],"wp:attachment":[{"href":"https:\/\/alleegalerii.ee\/en\/wp-json\/wp\/v2\/media?parent=17548"}],"wp:term":[{"taxonomy":"product_brand","embeddable":true,"href":"https:\/\/alleegalerii.ee\/en\/wp-json\/wp\/v2\/product_brand?post=17548"},{"taxonomy":"product_cat","embeddable":true,"href":"https:\/\/alleegalerii.ee\/en\/wp-json\/wp\/v2\/product_cat?post=17548"},{"taxonomy":"product_tag","embeddable":true,"href":"https:\/\/alleegalerii.ee\/en\/wp-json\/wp\/v2\/product_tag?post=17548"}],"curies":[{"name":"wp","href":"https:\/\/api.w.org\/{rel}","templated":true}]}}