{"id":17547,"date":"2024-06-17T15:27:18","date_gmt":"2024-06-17T12:27:18","guid":{"rendered":"https:\/\/alleegalerii.ee\/?post_type=product&#038;p=17547"},"modified":"2026-02-04T17:28:26","modified_gmt":"2026-02-04T15:28:26","slug":"viktor-karrus-kulle-talu-1980-2","status":"publish","type":"product","link":"https:\/\/alleegalerii.ee\/en\/shop\/viktor-karrus-kulle-talu-1980-2\/","title":{"rendered":"Viktor Karrus \u201cKulle talu\u201d, 1980"},"content":{"rendered":"","protected":false},"excerpt":{"rendered":"<p>\u00d5li kartongil. Raamitud.<\/p>\n<p>M\u00f5\u00f5dud: 54 x 65 cm<\/p>\n<p>All paremal: V. Karrus 80.<\/p>\n<div class=\"wpb_wrapper is_stuck\">\n<div class=\"wpb_text_column wpb_content_element\">\n<div class=\"wpb_wrapper\">\n<p>Eesti maastikku alati v\u00e4rvikirkalt ja tundev\u00e4ljendusliku rikkusega maalinud Viktor Karruse (1913-1991) teos \u201cKulle talu\u201d viib meid geograafiliselt p\u00f5hjarannikule, t\u00e4psemalt Kuusalu valda. Karruse stiilile omaselt on t\u00f6\u00f6s avarust, palju valgust ja ka kerget nostalgiat, sest maalides viljap\u00f5ldude taustale vana taluansambli, meenutab ta ju kadunud eesti aega. Muidugi on Karrusele t\u00e4htsad ka koloristlikud probleemid ning nende lahendamisel on ta oma p\u00f5lvkonnas koos Richard Uutmaaga \u00fcks parimaid.<\/p>\n<\/div>\n<\/div>\n<\/div>\n","protected":false},"featured_media":15694,"template":"","meta":{"_acf_changed":false},"product_brand":[],"product_cat":[415,56,59],"product_tag":[60],"class_list":{"0":"post-17547","1":"product","2":"type-product","3":"status-publish","4":"has-post-thumbnail","6":"product_cat-maal","7":"product_cat-olimaal","8":"product_cat-e-pood","9":"product_tag-e-pood","11":"first","12":"instock","13":"sold-individually","14":"shipping-taxable","15":"purchasable","16":"product-type-simple"},"acf":[],"_links":{"self":[{"href":"https:\/\/alleegalerii.ee\/en\/wp-json\/wp\/v2\/product\/17547","targetHints":{"allow":["GET"]}}],"collection":[{"href":"https:\/\/alleegalerii.ee\/en\/wp-json\/wp\/v2\/product"}],"about":[{"href":"https:\/\/alleegalerii.ee\/en\/wp-json\/wp\/v2\/types\/product"}],"wp:featuredmedia":[{"embeddable":true,"href":"https:\/\/alleegalerii.ee\/en\/wp-json\/wp\/v2\/media\/15694"}],"wp:attachment":[{"href":"https:\/\/alleegalerii.ee\/en\/wp-json\/wp\/v2\/media?parent=17547"}],"wp:term":[{"taxonomy":"product_brand","embeddable":true,"href":"https:\/\/alleegalerii.ee\/en\/wp-json\/wp\/v2\/product_brand?post=17547"},{"taxonomy":"product_cat","embeddable":true,"href":"https:\/\/alleegalerii.ee\/en\/wp-json\/wp\/v2\/product_cat?post=17547"},{"taxonomy":"product_tag","embeddable":true,"href":"https:\/\/alleegalerii.ee\/en\/wp-json\/wp\/v2\/product_tag?post=17547"}],"curies":[{"name":"wp","href":"https:\/\/api.w.org\/{rel}","templated":true}]}}