{"id":17546,"date":"2024-06-14T12:56:58","date_gmt":"2024-06-14T09:56:58","guid":{"rendered":"https:\/\/alleegalerii.ee\/?post_type=product&#038;p=17546"},"modified":"2024-12-26T19:00:37","modified_gmt":"2024-12-26T17:00:37","slug":"juri-arrak-lobus-trio-1964-2","status":"publish","type":"product","link":"https:\/\/alleegalerii.ee\/en\/shop\/juri-arrak-lobus-trio-1964-2\/","title":{"rendered":"J\u00fcri Arrak &#8220;L\u00f5bus trio&#8221;, 1964"},"content":{"rendered":"","protected":false},"excerpt":{"rendered":"<p>M\u00dc\u00dcDUD.<\/p>\n<p>Akvarell paberil. Raamitud.<\/p>\n<p>M\u00f5\u00f5dud: Km 30 x 40 cm.<\/p>\n<p>All paremal: J.A. 64.<\/p>\n<div class=\"wpb_wrapper is_stuck\">\n<div class=\"wpb_text_column wpb_content_element\">\n<div class=\"wpb_wrapper\">\n<p>Sel aastal m\u00f6\u00f6dub 60 aastat legendaarse ANK64 r\u00fchmituse s\u00fcnnist, kuhu kuulunud noortest kujunes hiljem eesti kunsti raudvara: J\u00fcri Arrak, T\u00f5nis Vint, Aili Vint, Malle Leis, Kristiina Kaasik, T\u00f5nis Laanemaa, Marju Mutsu, Enno Ootsing, Tiiu Pallo-Vaik, Vello Tamm. S\u00f5pruskond oli koos juba varem, aga oktoobris 1964 tehti Estonias \u00fchtse kooslusena esimene n\u00e4itus.<\/p>\n<p>J\u00fcri Arraku s\u00fcrrealistlik akvarell \u201cL\u00f5bus trio\u201d p\u00e4rineb samast murrangulisest aastast. Arrak oli toona vaimustunud Picasso loomingust ja seda v\u00e4ljendas ka tema k\u00e4ekiri: \u201cSiin saavad kokku Picasso hilisperioodi joonistustelt tuttav elegantne, kohati krussi kippuv joon ja kubismiperioodi deformeeritud vormid ning n\u00e4o- ja kehaosade meelevaldne m\u00e4ng\u201d kirjutab kunstiteadlane K\u00e4di Talvoja 2007. aastal Kumus toimunud n\u00e4ituse kataloogis \u201cTagasivaatav mees\u201d.<\/p>\n<p>Arraku varast loomingut iseloomustaski julgus, m\u00e4ssumeelsus ning avatud meel \u2013 m\u00e4rks\u00f5nad, mis on manifesteeritud ka tema \u00fckssilmsele l\u00f5busale triole.<\/p>\n<\/div>\n<\/div>\n<\/div>\n<div class=\"wpb_text_column wpb_content_element\">\n<div class=\"wpb_wrapper\"><\/div>\n<\/div>\n<div class=\"wpb_text_column wpb_content_element\">\n<div class=\"wpb_wrapper\"><\/div>\n<\/div>\n","protected":false},"featured_media":16211,"template":"","meta":{"_acf_changed":false},"product_brand":[],"product_cat":[415,54,57,59],"product_tag":[60],"class_list":{"0":"post-17546","1":"product","2":"type-product","3":"status-publish","4":"has-post-thumbnail","6":"product_cat-maal","7":"product_cat-akvarell","8":"product_cat-muudud","9":"product_cat-e-pood","10":"product_tag-e-pood","12":"first","13":"outofstock","14":"sold-individually","15":"shipping-taxable","16":"purchasable","17":"product-type-simple"},"acf":[],"_links":{"self":[{"href":"https:\/\/alleegalerii.ee\/en\/wp-json\/wp\/v2\/product\/17546","targetHints":{"allow":["GET"]}}],"collection":[{"href":"https:\/\/alleegalerii.ee\/en\/wp-json\/wp\/v2\/product"}],"about":[{"href":"https:\/\/alleegalerii.ee\/en\/wp-json\/wp\/v2\/types\/product"}],"wp:featuredmedia":[{"embeddable":true,"href":"https:\/\/alleegalerii.ee\/en\/wp-json\/wp\/v2\/media\/16211"}],"wp:attachment":[{"href":"https:\/\/alleegalerii.ee\/en\/wp-json\/wp\/v2\/media?parent=17546"}],"wp:term":[{"taxonomy":"product_brand","embeddable":true,"href":"https:\/\/alleegalerii.ee\/en\/wp-json\/wp\/v2\/product_brand?post=17546"},{"taxonomy":"product_cat","embeddable":true,"href":"https:\/\/alleegalerii.ee\/en\/wp-json\/wp\/v2\/product_cat?post=17546"},{"taxonomy":"product_tag","embeddable":true,"href":"https:\/\/alleegalerii.ee\/en\/wp-json\/wp\/v2\/product_tag?post=17546"}],"curies":[{"name":"wp","href":"https:\/\/api.w.org\/{rel}","templated":true}]}}