{"id":17542,"date":"2024-06-13T14:05:42","date_gmt":"2024-06-13T11:05:42","guid":{"rendered":"https:\/\/alleegalerii.ee\/?post_type=product&#038;p=17542"},"modified":"2026-01-14T17:21:06","modified_gmt":"2026-01-14T15:21:06","slug":"ado-lill-akt-kuljeli-2011-2","status":"publish","type":"product","link":"https:\/\/alleegalerii.ee\/en\/shop\/ado-lill-akt-kuljeli-2011-2\/","title":{"rendered":"Ado Lill &#8220;Akt (k\u00fcljeli)&#8221;, 2011"},"content":{"rendered":"","protected":false},"excerpt":{"rendered":"<p>M\u00dc\u00dcDUD.<\/p>\n<p>Akr\u00fc\u00fcl, pigment l\u00f5unedil.<\/p>\n<p>M\u00f5\u00f5dud: 100 x 95 cm.<\/p>\n<p>All paremal: Lill<br \/>\nP\u00f6\u00f6rdel alusraamil: Ado Lill, &#8220;Akt (k\u00fcljeli)&#8221; 2011, l\u00f5uend, akr\u00fc\u00fcl, pigment, 100&#215;95 cm<\/p>\n<div class=\"wpb_wrapper is_stuck\">\n<div class=\"wpb_text_column wpb_content_element\">\n<div class=\"wpb_wrapper\">\n<p>Eesti abstraktse maalikunsti klassik Ado Lill (1932-2018) tegeles l\u00e4bi oma kunstnikukarj\u00e4\u00e4ri ka figuratiivse kunstiga, esmalt joonistustes ja graafikas ja hiljem kandes selle maali. 21. sajandi algul tegi ta oma loomingus p\u00f5him\u00f5ttelise kannap\u00f6\u00f6rde, spetsialiseerudes vaid aktimaalile, millest sai alguse tema karj\u00e4\u00e4r sensuaalse, tundliku kunstnikuna, kelle parimad t\u00f6\u00f6d kuuluvad vaieldamatult tolle \u017eanri klassikasse.<\/p>\n<p>V\u00f5imsa emotsionaalse laenguga akr\u00fc\u00fclmaalides \u00fchendab Lill oma abstraktsetelt teostelt talle firmam\u00e4rgiks saanud h\u00f5\u00f5guva koloriidi, krokiijoonistustest p\u00e4rit lolitalikud kehad ja tundelise erootilisuse. Siinjuures v\u00e4ljendub viimane neist sageli enesesse peituval v\u00f5i n\u00e4gu varjaval viisil. T\u00f5eliselt andeka koloristina loob Lill ka k\u00e4esolevas teoses \u2013 nagu heale kunstile omane \u2013 sundimatu ja spontaanse muljega maali.<\/p>\n<\/div>\n<\/div>\n<\/div>\n","protected":false},"featured_media":16330,"template":"","meta":{"_acf_changed":false},"product_brand":[],"product_cat":[415,57,59,93,96],"product_tag":[60],"class_list":{"0":"post-17542","1":"product","2":"type-product","3":"status-publish","4":"has-post-thumbnail","6":"product_cat-maal","7":"product_cat-muudud","8":"product_cat-e-pood","9":"product_cat-segatehnika","10":"product_cat-akruul","11":"product_tag-e-pood","13":"first","14":"outofstock","15":"sold-individually","16":"shipping-taxable","17":"purchasable","18":"product-type-simple"},"acf":[],"_links":{"self":[{"href":"https:\/\/alleegalerii.ee\/en\/wp-json\/wp\/v2\/product\/17542","targetHints":{"allow":["GET"]}}],"collection":[{"href":"https:\/\/alleegalerii.ee\/en\/wp-json\/wp\/v2\/product"}],"about":[{"href":"https:\/\/alleegalerii.ee\/en\/wp-json\/wp\/v2\/types\/product"}],"wp:featuredmedia":[{"embeddable":true,"href":"https:\/\/alleegalerii.ee\/en\/wp-json\/wp\/v2\/media\/16330"}],"wp:attachment":[{"href":"https:\/\/alleegalerii.ee\/en\/wp-json\/wp\/v2\/media?parent=17542"}],"wp:term":[{"taxonomy":"product_brand","embeddable":true,"href":"https:\/\/alleegalerii.ee\/en\/wp-json\/wp\/v2\/product_brand?post=17542"},{"taxonomy":"product_cat","embeddable":true,"href":"https:\/\/alleegalerii.ee\/en\/wp-json\/wp\/v2\/product_cat?post=17542"},{"taxonomy":"product_tag","embeddable":true,"href":"https:\/\/alleegalerii.ee\/en\/wp-json\/wp\/v2\/product_tag?post=17542"}],"curies":[{"name":"wp","href":"https:\/\/api.w.org\/{rel}","templated":true}]}}