{"id":17541,"date":"2024-06-13T14:03:30","date_gmt":"2024-06-13T11:03:30","guid":{"rendered":"https:\/\/alleegalerii.ee\/?post_type=product&#038;p=17541"},"modified":"2024-12-17T13:15:07","modified_gmt":"2024-12-17T11:15:07","slug":"endel-koks-tantsijanna-1979-2","status":"publish","type":"product","link":"https:\/\/alleegalerii.ee\/en\/shop\/endel-koks-tantsijanna-1979-2\/","title":{"rendered":"Endel K\u00f5ks \u201cTantsijanna\u201d, 1979"},"content":{"rendered":"","protected":false},"excerpt":{"rendered":"<p>M\u00dc\u00dcDUD.<\/p>\n<p>\u00d5li l\u00f5uendil. Raamitud.<\/p>\n<p>M\u00f5\u00f5dud: 91,5 x 76,7 cm<\/p>\n<p>All keskel: K\u00f5ks 79<\/p>\n<div class=\"wpb_wrapper is_stuck\">\n<div class=\"wpb_text_column wpb_content_element\">\n<div class=\"wpb_wrapper\">\n<p>\u201cTantsijanna\u201d on Endel K\u00f5ksi (1912-1983) hilise loomingu heaks n\u00e4iteks. \u00dchendades kujundi otse\u00fctlevuse ja dekoratiivse v\u00e4ljenduslaadi popkunstiga, demonstreerib K\u00f5ks teema valdamises nii head maitset kui endiselt modernistlikus kunstihoovuses p\u00fcsimist. T\u00f6\u00f6s leiduv teatav provokatiivsus k\u00e4ib tantsijanna oleku edasi andmisel kaasas.<\/p>\n<p>Maal on reprodutseeritud Tiiu Talvistu 2013. aastal koostatud Endel K\u00f5ksi monograafias \u201cVapruse, vabaduse ja r\u00f5\u00f5muga\u201d, repro nr 352.<\/p>\n<\/div>\n<\/div>\n<\/div>\n","protected":false},"featured_media":16327,"template":"","meta":{"_acf_changed":false},"product_brand":[],"product_cat":[415,56,57,59],"product_tag":[60],"class_list":{"0":"post-17541","1":"product","2":"type-product","3":"status-publish","4":"has-post-thumbnail","6":"product_cat-maal","7":"product_cat-olimaal","8":"product_cat-muudud","9":"product_cat-e-pood","10":"product_tag-e-pood","12":"first","13":"outofstock","14":"sold-individually","15":"shipping-taxable","16":"purchasable","17":"product-type-simple"},"acf":[],"_links":{"self":[{"href":"https:\/\/alleegalerii.ee\/en\/wp-json\/wp\/v2\/product\/17541","targetHints":{"allow":["GET"]}}],"collection":[{"href":"https:\/\/alleegalerii.ee\/en\/wp-json\/wp\/v2\/product"}],"about":[{"href":"https:\/\/alleegalerii.ee\/en\/wp-json\/wp\/v2\/types\/product"}],"wp:featuredmedia":[{"embeddable":true,"href":"https:\/\/alleegalerii.ee\/en\/wp-json\/wp\/v2\/media\/16327"}],"wp:attachment":[{"href":"https:\/\/alleegalerii.ee\/en\/wp-json\/wp\/v2\/media?parent=17541"}],"wp:term":[{"taxonomy":"product_brand","embeddable":true,"href":"https:\/\/alleegalerii.ee\/en\/wp-json\/wp\/v2\/product_brand?post=17541"},{"taxonomy":"product_cat","embeddable":true,"href":"https:\/\/alleegalerii.ee\/en\/wp-json\/wp\/v2\/product_cat?post=17541"},{"taxonomy":"product_tag","embeddable":true,"href":"https:\/\/alleegalerii.ee\/en\/wp-json\/wp\/v2\/product_tag?post=17541"}],"curies":[{"name":"wp","href":"https:\/\/api.w.org\/{rel}","templated":true}]}}