{"id":17539,"date":"2024-06-13T13:58:56","date_gmt":"2024-06-13T10:58:56","guid":{"rendered":"https:\/\/alleegalerii.ee\/?post_type=product&#038;p=17539"},"modified":"2024-06-13T13:58:57","modified_gmt":"2024-06-13T10:58:57","slug":"erich-pehap-daam-valge-kubaraga-1930ndad-2","status":"publish","type":"product","link":"https:\/\/alleegalerii.ee\/en\/shop\/erich-pehap-daam-valge-kubaraga-1930ndad-2\/","title":{"rendered":"Erich Pehap &#8220;Daam valge k\u00fcbaraga&#8221;, 1930ndad"},"content":{"rendered":"","protected":false},"excerpt":{"rendered":"<p>Pastell paberil. Raamitud.<\/p>\n<p>M\u00f5\u00f5dud: Km 58 x 30 cm.<\/p>\n<p>All paremal: EP<\/p>\n<div class=\"wpb_wrapper is_stuck\">\n<div class=\"wpb_text_column wpb_content_element\">\n<div class=\"wpb_wrapper\">\n<p>Erich Pehapi (1912-1981) loomingu keskmes oli inimene. Sageli kujutasid tema figuraalkompositsioonid stseene kohvikuist, kontsertidelt v\u00f5i muudest avalikest paikadest.<\/p>\n<p>Pehapi veel Eestis loodud teoste hulka kuuluv \u201cDaam valge k\u00fcbaraga\u201d kujutab endast 1930. aastate \u0161ikki ja moodsat naist. Tema n\u00e4oilmest ja hoiakust \u00f5hkub eneseteadlikkust ja kindlameelsust ning r\u00f5ivastusest voolavat elegantsi. Seda v\u00f5imendab veelgi noobli nurga all k\u00fcbar ja punased huuled. Pehap t\u00f5estab juba noore kunstnikuna oskust kasutada v\u00e4rvipaleti rikkalikke v\u00f5imalusi ilma liiale minemata \u2013 kuigi \u00fcldmulje on pastelselt tagasihoidlik, on ta sinna meisterlikult v\u00e4rskuse andmiseks seganud kollase, t\u00fcrkiissinise ja \u00f5rna roosa.<\/p>\n<\/div>\n<\/div>\n<\/div>\n","protected":false},"featured_media":16662,"template":"","meta":{"_acf_changed":false},"product_brand":[],"product_cat":[415,62,59,68],"product_tag":[60],"class_list":{"0":"post-17539","1":"product","2":"type-product","3":"status-publish","4":"has-post-thumbnail","6":"product_cat-maal","7":"product_cat-joonistus","8":"product_cat-e-pood","9":"product_cat-pastell","10":"product_tag-e-pood","12":"first","13":"instock","14":"sold-individually","15":"shipping-taxable","16":"purchasable","17":"product-type-simple"},"acf":[],"_links":{"self":[{"href":"https:\/\/alleegalerii.ee\/en\/wp-json\/wp\/v2\/product\/17539","targetHints":{"allow":["GET"]}}],"collection":[{"href":"https:\/\/alleegalerii.ee\/en\/wp-json\/wp\/v2\/product"}],"about":[{"href":"https:\/\/alleegalerii.ee\/en\/wp-json\/wp\/v2\/types\/product"}],"wp:featuredmedia":[{"embeddable":true,"href":"https:\/\/alleegalerii.ee\/en\/wp-json\/wp\/v2\/media\/16662"}],"wp:attachment":[{"href":"https:\/\/alleegalerii.ee\/en\/wp-json\/wp\/v2\/media?parent=17539"}],"wp:term":[{"taxonomy":"product_brand","embeddable":true,"href":"https:\/\/alleegalerii.ee\/en\/wp-json\/wp\/v2\/product_brand?post=17539"},{"taxonomy":"product_cat","embeddable":true,"href":"https:\/\/alleegalerii.ee\/en\/wp-json\/wp\/v2\/product_cat?post=17539"},{"taxonomy":"product_tag","embeddable":true,"href":"https:\/\/alleegalerii.ee\/en\/wp-json\/wp\/v2\/product_tag?post=17539"}],"curies":[{"name":"wp","href":"https:\/\/api.w.org\/{rel}","templated":true}]}}