{"id":17536,"date":"2024-06-13T13:52:54","date_gmt":"2024-06-13T10:52:54","guid":{"rendered":"https:\/\/alleegalerii.ee\/?post_type=product&#038;p=17536"},"modified":"2024-06-27T21:53:51","modified_gmt":"2024-06-27T18:53:51","slug":"gori-lend-ule-piiri-1920-30ndad","status":"publish","type":"product","link":"https:\/\/alleegalerii.ee\/en\/shop\/gori-lend-ule-piiri-1920-30ndad\/","title":{"rendered":"Gori &#8220;Lend \u00fcle piiri&#8221;, 1920-30ndad"},"content":{"rendered":"","protected":false},"excerpt":{"rendered":"<p>Tu\u0161\u0161 paberil. Raamitud.<\/p>\n<p>M\u00f5\u00f5dud: ava 22,5 x 18,5 cm.<\/p>\n<p>\u00dcleval \u00e4\u00e4res: Kaubandus-t\u00f6\u00f6stusministri Ungari sigarid.<br \/>\nAll \u00e4\u00e4res: &#8220;Mis, tolli tahad? Tee lahti! Kas sa ei n\u00e4e, et ma k\u00f5rgemalt lendan kui harilik surelik!&#8221;<\/p>\n<p>&nbsp;<\/p>\n<p>\u201cMis, tolli tahad? Tee lahti! Kas sa ei n\u00e4e, et ma k\u00f5rgemalt lendan kui harilik surelik?\u201d k\u00fcsib hiiglaslikul sigaril \u00fcle piiri h\u00f5ljuv kaubandus-t\u00f6\u00f6stusminister. Teoses kujutatava skandaali tagamaade l\u00fcngad v\u00f5ib iga\u00fcks lihtsasti ise t\u00e4ita, sest Gori (1894-1944) joonistusstiil ja huumor m\u00f5juvad nii modernselt, et on raske uskuda, et tegu v\u00f5ib olla sajandivanuse teosega.<\/p>\n<div class=\"wpb_wrapper is_stuck\">\n<div class=\"wpb_text_column wpb_content_element\">\n<div class=\"wpb_wrapper\">\n<p>Raimo J\u00f5eranna 2023-ndal aastal valminud dokumentaalfilmi \u201cGorikaturist\u201d \u00fcheks l\u00e4bivaks teemaks oli Gori \u2013 kodanikunimega Vello Agori \u2013 tohutu t\u00f6\u00f6v\u00f5ime ja v\u00e4simatus luua. Julge karikaturist ei l\u00f6\u00f6nud risti ette \u00fchegi teema ees, pilades k\u00f5iki ja k\u00f5ike. Seda nii oma joonistustes, mis kunstniku enda kaastoimetatud p\u00e4evalehes Waba Maa ilmusid, kui ka valjuh\u00e4\u00e4lselt seltskondades, mist\u00f5ttu pidi Gori regulaarselt tollal Pagari t\u00e4naval asuvas NKVD peamajas \u00fctluseid andmas k\u00e4ima.<\/p>\n<p>Ka k\u00e4esolevas teoses n\u00e4htavat sallimatust ahnuse ja silmakirjalikkuse suunas leiame mitmetest Gori joonistustest koos kunstniku, nagu \u00fctles Heinz Valk: \u201cJ\u00e4\u00e4gitu ausus(ega). Ta ei vihka, ei s\u00f5ima ega solva, sest siis kaotanuks nali oma t\u00e4henduse ja m\u00f5ju.\u201d<\/p>\n<\/div>\n<\/div>\n<\/div>\n","protected":false},"featured_media":16390,"template":"","meta":{"_acf_changed":false},"product_brand":[],"product_cat":[62,59],"product_tag":[60],"class_list":{"0":"post-17536","1":"product","2":"type-product","3":"status-publish","4":"has-post-thumbnail","6":"product_cat-joonistus","7":"product_cat-e-pood","8":"product_tag-e-pood","10":"first","11":"instock","12":"sold-individually","13":"shipping-taxable","14":"purchasable","15":"product-type-simple"},"acf":[],"_links":{"self":[{"href":"https:\/\/alleegalerii.ee\/en\/wp-json\/wp\/v2\/product\/17536","targetHints":{"allow":["GET"]}}],"collection":[{"href":"https:\/\/alleegalerii.ee\/en\/wp-json\/wp\/v2\/product"}],"about":[{"href":"https:\/\/alleegalerii.ee\/en\/wp-json\/wp\/v2\/types\/product"}],"wp:featuredmedia":[{"embeddable":true,"href":"https:\/\/alleegalerii.ee\/en\/wp-json\/wp\/v2\/media\/16390"}],"wp:attachment":[{"href":"https:\/\/alleegalerii.ee\/en\/wp-json\/wp\/v2\/media?parent=17536"}],"wp:term":[{"taxonomy":"product_brand","embeddable":true,"href":"https:\/\/alleegalerii.ee\/en\/wp-json\/wp\/v2\/product_brand?post=17536"},{"taxonomy":"product_cat","embeddable":true,"href":"https:\/\/alleegalerii.ee\/en\/wp-json\/wp\/v2\/product_cat?post=17536"},{"taxonomy":"product_tag","embeddable":true,"href":"https:\/\/alleegalerii.ee\/en\/wp-json\/wp\/v2\/product_tag?post=17536"}],"curies":[{"name":"wp","href":"https:\/\/api.w.org\/{rel}","templated":true}]}}