{"id":17535,"date":"2024-06-13T13:46:49","date_gmt":"2024-06-13T10:46:49","guid":{"rendered":"https:\/\/alleegalerii.ee\/?post_type=product&#038;p=17535"},"modified":"2024-06-13T13:46:50","modified_gmt":"2024-06-13T10:46:50","slug":"evald-okas-kaunitar-ounaga-2002","status":"publish","type":"product","link":"https:\/\/alleegalerii.ee\/en\/shop\/evald-okas-kaunitar-ounaga-2002\/","title":{"rendered":"Evald Okas &#8220;Kaunitar \u00f5unaga&#8221;, 2002"},"content":{"rendered":"","protected":false},"excerpt":{"rendered":"<p>Tu\u0161\u0161 paberil. Raamitud.<\/p>\n<p>M\u00f5\u00f5dud: Ava 46 x 61 cm<\/p>\n<p>All paremal: Heino Kersnale parimate soovidega ja s\u00fcmpaatiaga. EOkas 15.9.2002<\/p>\n<div class=\"wpb_wrapper is_stuck\">\n<div class=\"wpb_text_column wpb_content_element\">\n<div class=\"wpb_wrapper\">\n<p>&nbsp;<\/p>\n<p><em>\u201cPurustav, p\u00f5rmustav, pimestav, p\u00e4rlendav<\/em><\/p>\n<p><em>tund, mil sus \u00e4rkab s\u00fcda, see ilus kiskja \u2013\u00a0<\/em><\/p>\n<p><em>taba ta vabadus, siis valguskiirusse viska.\u201d<\/em><\/p>\n<p><em>Katkend Doris Kareva luuletusest \u201cUnedemurdja\u201d, 1991<\/em><\/p>\n<p>Evald Okase (1915-2011) aktijoonistusi iseloomustavad kirglik emotsioon, s\u00e4hvivad jooned ja \u00f5hulisus. Valget pinda maksimaalselt enda eesm\u00e4rkide nimel \u00e4ra kasutav Okas on ka k\u00e4esolevas teoses peente tu\u0161ijoontega tabanud modelli olemust \u2013 kirglik ja sensuaalselt meelitav. \u00d5un kui pattulangemise s\u00fcmbol m\u00e4ngib siin vaid intrigeerivat k\u00f5rvalt\u00e4itja rolli \u2013 t\u00f5eline kuninganna on kaunitar ise.<\/p>\n<\/div>\n<\/div>\n<\/div>\n","protected":false},"featured_media":16860,"template":"","meta":{"_acf_changed":false},"product_brand":[],"product_cat":[62,59],"product_tag":[60],"class_list":{"0":"post-17535","1":"product","2":"type-product","3":"status-publish","4":"has-post-thumbnail","6":"product_cat-joonistus","7":"product_cat-e-pood","8":"product_tag-e-pood","10":"first","11":"instock","12":"sold-individually","13":"shipping-taxable","14":"purchasable","15":"product-type-simple"},"acf":[],"_links":{"self":[{"href":"https:\/\/alleegalerii.ee\/en\/wp-json\/wp\/v2\/product\/17535","targetHints":{"allow":["GET"]}}],"collection":[{"href":"https:\/\/alleegalerii.ee\/en\/wp-json\/wp\/v2\/product"}],"about":[{"href":"https:\/\/alleegalerii.ee\/en\/wp-json\/wp\/v2\/types\/product"}],"wp:featuredmedia":[{"embeddable":true,"href":"https:\/\/alleegalerii.ee\/en\/wp-json\/wp\/v2\/media\/16860"}],"wp:attachment":[{"href":"https:\/\/alleegalerii.ee\/en\/wp-json\/wp\/v2\/media?parent=17535"}],"wp:term":[{"taxonomy":"product_brand","embeddable":true,"href":"https:\/\/alleegalerii.ee\/en\/wp-json\/wp\/v2\/product_brand?post=17535"},{"taxonomy":"product_cat","embeddable":true,"href":"https:\/\/alleegalerii.ee\/en\/wp-json\/wp\/v2\/product_cat?post=17535"},{"taxonomy":"product_tag","embeddable":true,"href":"https:\/\/alleegalerii.ee\/en\/wp-json\/wp\/v2\/product_tag?post=17535"}],"curies":[{"name":"wp","href":"https:\/\/api.w.org\/{rel}","templated":true}]}}