{"id":17521,"date":"2024-06-11T13:07:26","date_gmt":"2024-06-11T10:07:26","guid":{"rendered":"https:\/\/alleegalerii.ee\/?post_type=product&#038;p=17521"},"modified":"2024-06-11T15:46:32","modified_gmt":"2024-06-11T12:46:32","slug":"olav-maran-mneemestus-dbt-2023","status":"publish","type":"product","link":"https:\/\/alleegalerii.ee\/en\/shop\/olav-maran-mneemestus-dbt-2023\/","title":{"rendered":"Olav Maran &#8220;Mneemestus dbt&#8221;, 2023"},"content":{"rendered":"","protected":false},"excerpt":{"rendered":"<p>\u00d5li l\u00f5uend. Raamitud.<\/p>\n<p>M\u00f5\u00f5dud: 54,5 x 65,5 cm, raamiga 67 x 78 cm.<\/p>\n<p>All keskel: OM23<br \/>\nP\u00f6\u00f6rdel: Olav Maran Mneemestus dbt 2023 \u00f5li 54,5 x 65,5<\/p>\n<p>Olav Marani kuuek\u00fcmnendatel alguse saanud abstraktne kunst oli julge ja moodne. Seejuures s\u00fcndis samal ajal ka natuuril\u00e4hedasi nat\u00fc\u00fcrmorte ja aastak\u00fcmne teisel poolel\u00a0 C\u00e9zanne\u2019i vaimus \u201clapilisi\u201d maastikke, mida k\u00f5iki \u00fchendas k\u00f5rge vormikultuur, kunstiline m\u00f5testatus ja harmooniatunnetus.<\/p>\n<p>21. sajandi teisest k\u00fcmnendist alates on vanameister p\u00f6\u00f6rdunud tagasi oma noorusp\u00f5lve stiili juurde ning Mneemestuse nime all valminud teoseid \u00fchendavad sarnased m\u00e4rks\u00f5nad. Seejuures on v\u00e4rvik\u00e4sitlus tunduvalt k\u00fcpsem ja tasakaalukam, nagu ka k\u00e4esoleval teosel, mis toob vaataja ette korraga nii suviselt h\u00f5\u00f5guva p\u00e4ikese kui k\u00fcpsed s\u00fcgistoonid.<\/p>\n","protected":false},"featured_media":17522,"template":"","meta":{"_acf_changed":false},"product_brand":[],"product_cat":[415,56,59],"product_tag":[60],"class_list":{"0":"post-17521","1":"product","2":"type-product","3":"status-publish","4":"has-post-thumbnail","6":"product_cat-maal","7":"product_cat-olimaal","8":"product_cat-e-pood","9":"product_tag-e-pood","11":"first","12":"instock","13":"shipping-taxable","14":"purchasable","15":"product-type-simple"},"acf":[],"_links":{"self":[{"href":"https:\/\/alleegalerii.ee\/en\/wp-json\/wp\/v2\/product\/17521","targetHints":{"allow":["GET"]}}],"collection":[{"href":"https:\/\/alleegalerii.ee\/en\/wp-json\/wp\/v2\/product"}],"about":[{"href":"https:\/\/alleegalerii.ee\/en\/wp-json\/wp\/v2\/types\/product"}],"wp:featuredmedia":[{"embeddable":true,"href":"https:\/\/alleegalerii.ee\/en\/wp-json\/wp\/v2\/media\/17522"}],"wp:attachment":[{"href":"https:\/\/alleegalerii.ee\/en\/wp-json\/wp\/v2\/media?parent=17521"}],"wp:term":[{"taxonomy":"product_brand","embeddable":true,"href":"https:\/\/alleegalerii.ee\/en\/wp-json\/wp\/v2\/product_brand?post=17521"},{"taxonomy":"product_cat","embeddable":true,"href":"https:\/\/alleegalerii.ee\/en\/wp-json\/wp\/v2\/product_cat?post=17521"},{"taxonomy":"product_tag","embeddable":true,"href":"https:\/\/alleegalerii.ee\/en\/wp-json\/wp\/v2\/product_tag?post=17521"}],"curies":[{"name":"wp","href":"https:\/\/api.w.org\/{rel}","templated":true}]}}