{"id":17503,"date":"2024-06-11T15:02:02","date_gmt":"2024-06-11T12:02:02","guid":{"rendered":"https:\/\/alleegalerii.ee\/?post_type=product&#038;p=17503"},"modified":"2025-12-06T14:23:46","modified_gmt":"2025-12-06T12:23:46","slug":"kalju-nagel-suvila-aed-peedul-1971","status":"publish","type":"product","link":"https:\/\/alleegalerii.ee\/en\/shop\/kalju-nagel-suvila-aed-peedul-1971\/","title":{"rendered":"Kalju Nagel \u201cSuvila aed Peedul\u201d, 1971"},"content":{"rendered":"","protected":false},"excerpt":{"rendered":"<p>S\u00fcsi paberil. Raamitud.<\/p>\n<p>M\u00f5\u00f5dud: ava 30,5 x 43 cm, raamiga 47 x 58 cm.<\/p>\n<p>All paremal: K Nagel 71.<br \/>\nP\u00f6\u00f6rdel: Tegemist on Kalju Nageli suvila ajaga Peedul, Elva l\u00e4hedal. Lemming Nageli ja Karl Nageli (pojapoeg) lapsep\u00f5lvekoht. K Nagel<\/p>\n<p>Kalju Nagel (1918-2005), Pallases Vardi ateljees tugeva vaba\u00f5humaali koolituse saanud kunstniku k\u00e4e all valmisid nii linna- kui maastikuvaated.<\/p>\n","protected":false},"featured_media":17527,"template":"","meta":{"_acf_changed":false},"product_brand":[],"product_cat":[62,59],"product_tag":[60],"class_list":{"0":"post-17503","1":"product","2":"type-product","3":"status-publish","4":"has-post-thumbnail","6":"product_cat-joonistus","7":"product_cat-e-pood","8":"product_tag-e-pood","10":"first","11":"instock","12":"shipping-taxable","13":"purchasable","14":"product-type-simple"},"acf":[],"_links":{"self":[{"href":"https:\/\/alleegalerii.ee\/en\/wp-json\/wp\/v2\/product\/17503","targetHints":{"allow":["GET"]}}],"collection":[{"href":"https:\/\/alleegalerii.ee\/en\/wp-json\/wp\/v2\/product"}],"about":[{"href":"https:\/\/alleegalerii.ee\/en\/wp-json\/wp\/v2\/types\/product"}],"wp:featuredmedia":[{"embeddable":true,"href":"https:\/\/alleegalerii.ee\/en\/wp-json\/wp\/v2\/media\/17527"}],"wp:attachment":[{"href":"https:\/\/alleegalerii.ee\/en\/wp-json\/wp\/v2\/media?parent=17503"}],"wp:term":[{"taxonomy":"product_brand","embeddable":true,"href":"https:\/\/alleegalerii.ee\/en\/wp-json\/wp\/v2\/product_brand?post=17503"},{"taxonomy":"product_cat","embeddable":true,"href":"https:\/\/alleegalerii.ee\/en\/wp-json\/wp\/v2\/product_cat?post=17503"},{"taxonomy":"product_tag","embeddable":true,"href":"https:\/\/alleegalerii.ee\/en\/wp-json\/wp\/v2\/product_tag?post=17503"}],"curies":[{"name":"wp","href":"https:\/\/api.w.org\/{rel}","templated":true}]}}