{"id":17502,"date":"2024-06-11T15:11:15","date_gmt":"2024-06-11T12:11:15","guid":{"rendered":"https:\/\/alleegalerii.ee\/?post_type=product&#038;p=17502"},"modified":"2025-12-06T14:23:04","modified_gmt":"2025-12-06T12:23:04","slug":"kalju-nagel-maastik-rukkihakkidega-1950ndad","status":"publish","type":"product","link":"https:\/\/alleegalerii.ee\/en\/shop\/kalju-nagel-maastik-rukkihakkidega-1950ndad\/","title":{"rendered":"Kalju Nagel \u201cMaastik rukkihakkidega\u201d, 1950ndad"},"content":{"rendered":"","protected":false},"excerpt":{"rendered":"<p>\u00d5li masoniidil. Raamitud.<\/p>\n<p>M\u00f5\u00f5dud: 35 x 57 cm, raamiga 52 \u00d7 74 cm.<\/p>\n<p>All vasakul: Kalju Nagel<br \/>\nP\u00f6\u00f6rdel: Kalju Nageli maal (nimetu) u 50-ndatest kinnitab pojapoeg Karl-Kristjan Nagel (35&#215;57 cm)<\/p>\n<p>Kalju Nagel (1918-2005), Pallases Vardi ateljees tugeva vaba\u00f5humaali koolituse saanud kunstniku k\u00e4e all valmisid nii linna- kui maastikuvaated.<\/p>\n","protected":false},"featured_media":17532,"template":"","meta":{"_acf_changed":false},"product_brand":[],"product_cat":[415,56,59],"product_tag":[60],"class_list":{"0":"post-17502","1":"product","2":"type-product","3":"status-publish","4":"has-post-thumbnail","6":"product_cat-maal","7":"product_cat-olimaal","8":"product_cat-e-pood","9":"product_tag-e-pood","11":"first","12":"instock","13":"shipping-taxable","14":"purchasable","15":"product-type-simple"},"acf":[],"_links":{"self":[{"href":"https:\/\/alleegalerii.ee\/en\/wp-json\/wp\/v2\/product\/17502","targetHints":{"allow":["GET"]}}],"collection":[{"href":"https:\/\/alleegalerii.ee\/en\/wp-json\/wp\/v2\/product"}],"about":[{"href":"https:\/\/alleegalerii.ee\/en\/wp-json\/wp\/v2\/types\/product"}],"wp:featuredmedia":[{"embeddable":true,"href":"https:\/\/alleegalerii.ee\/en\/wp-json\/wp\/v2\/media\/17532"}],"wp:attachment":[{"href":"https:\/\/alleegalerii.ee\/en\/wp-json\/wp\/v2\/media?parent=17502"}],"wp:term":[{"taxonomy":"product_brand","embeddable":true,"href":"https:\/\/alleegalerii.ee\/en\/wp-json\/wp\/v2\/product_brand?post=17502"},{"taxonomy":"product_cat","embeddable":true,"href":"https:\/\/alleegalerii.ee\/en\/wp-json\/wp\/v2\/product_cat?post=17502"},{"taxonomy":"product_tag","embeddable":true,"href":"https:\/\/alleegalerii.ee\/en\/wp-json\/wp\/v2\/product_tag?post=17502"}],"curies":[{"name":"wp","href":"https:\/\/api.w.org\/{rel}","templated":true}]}}