{"id":17499,"date":"2024-06-08T15:52:58","date_gmt":"2024-06-08T12:52:58","guid":{"rendered":"https:\/\/alleegalerii.ee\/?post_type=product&#038;p=17499"},"modified":"2025-12-04T14:37:03","modified_gmt":"2025-12-04T12:37:03","slug":"juri-marran-kevad-1977","status":"publish","type":"product","link":"https:\/\/alleegalerii.ee\/en\/shop\/juri-marran-kevad-1977\/","title":{"rendered":"J\u00fcri Marran \u201cKevad\u201d, 1977"},"content":{"rendered":"","protected":false},"excerpt":{"rendered":"<p>\u00d5li papil. Raamitud.<\/p>\n<p>M\u00f5\u00f5dud: 50 x 60 cm, raamiga 60 x 71,5 cm.<\/p>\n<p>All paremal: JM77<br \/>\nP\u00f6\u00f6rdel: J\u00fcri Marran s. 1937, &#8220;Kevad&#8221; 1977<\/p>\n<p>Tartu kunstnik J\u00fcri Marran (1937-2021) sai kunstihariduse Melanie ja Erich Arraku ateljeekoolis. Tema pillavalt lopsakas stiil on \u00fchtlaselt esindatud nii lillemaalidel kui abstraktsetes kompositsioonides, lisaks valmisid mitmek\u00fclgse kunstniku k\u00e4e all ka raamatuillustratsioonid ning lavakost\u00fc\u00fcmid.<\/p>\n","protected":false},"featured_media":17515,"template":"","meta":{"_acf_changed":false},"product_brand":[],"product_cat":[415,56,59],"product_tag":[60],"class_list":{"0":"post-17499","1":"product","2":"type-product","3":"status-publish","4":"has-post-thumbnail","6":"product_cat-maal","7":"product_cat-olimaal","8":"product_cat-e-pood","9":"product_tag-e-pood","11":"first","12":"instock","13":"sold-individually","14":"shipping-taxable","15":"purchasable","16":"product-type-simple"},"acf":[],"_links":{"self":[{"href":"https:\/\/alleegalerii.ee\/en\/wp-json\/wp\/v2\/product\/17499","targetHints":{"allow":["GET"]}}],"collection":[{"href":"https:\/\/alleegalerii.ee\/en\/wp-json\/wp\/v2\/product"}],"about":[{"href":"https:\/\/alleegalerii.ee\/en\/wp-json\/wp\/v2\/types\/product"}],"wp:featuredmedia":[{"embeddable":true,"href":"https:\/\/alleegalerii.ee\/en\/wp-json\/wp\/v2\/media\/17515"}],"wp:attachment":[{"href":"https:\/\/alleegalerii.ee\/en\/wp-json\/wp\/v2\/media?parent=17499"}],"wp:term":[{"taxonomy":"product_brand","embeddable":true,"href":"https:\/\/alleegalerii.ee\/en\/wp-json\/wp\/v2\/product_brand?post=17499"},{"taxonomy":"product_cat","embeddable":true,"href":"https:\/\/alleegalerii.ee\/en\/wp-json\/wp\/v2\/product_cat?post=17499"},{"taxonomy":"product_tag","embeddable":true,"href":"https:\/\/alleegalerii.ee\/en\/wp-json\/wp\/v2\/product_tag?post=17499"}],"curies":[{"name":"wp","href":"https:\/\/api.w.org\/{rel}","templated":true}]}}