{"id":17492,"date":"2024-06-06T16:38:41","date_gmt":"2024-06-06T13:38:41","guid":{"rendered":"https:\/\/alleegalerii.ee\/?post_type=product&#038;p=17492"},"modified":"2026-02-27T20:41:14","modified_gmt":"2026-02-27T18:41:14","slug":"juri-arrak-taluvaade-1962","status":"publish","type":"product","link":"https:\/\/alleegalerii.ee\/en\/shop\/juri-arrak-taluvaade-1962\/","title":{"rendered":"J\u00fcri Arrak &#8220;Taluvaade&#8221;, 1962"},"content":{"rendered":"","protected":false},"excerpt":{"rendered":"<p>M\u00dc\u00dcDUD.<\/p>\n<p>S\u00fcsi paberil. Raamitud.<\/p>\n<p>M\u00f5\u00f5dud: 36 x 57,5 cm, raamiga 52,5 x 74 cm.<\/p>\n<p>All paremal: JArrak 62<\/p>\n<p><span style=\"font-weight: 400;\">J\u00fcri Arraku puhul on tegu eesti kaasaegse kunsti suurmeistriga, kelle ainulaadne k\u00e4ekiri sai tuntuks juba ANK64 aegadel. Arraku karj\u00e4\u00e4r nii metalli- kui lavastuskunstnikuna on l\u00e4bi kogemuse saavutanud tippvormi just graafikas ning maalis. Aastal 1988 Eesti NSV teeneliseks kunstnikuks tituleeritud Arrak on muuhulgas p\u00e4lvinud ka Kristjan Raua preemia, Konrad M\u00e4e medali ning Eesti Rahvuskultuuri Fondi elut\u00f6\u00f6 t\u00e4nuauhinna.<\/span><\/p>\n<p><span style=\"font-weight: 400;\">K\u00e4esolev teos on valminud \u00f5pingute ajal Eesti Riiklikus Kunstiinstituudis, mille Arrak l\u00f5petas metalliehist\u00f6\u00f6 alal. Osa sellest oli ka joonistuskursus, mis pakkus tulevasele kunstnikule erilist naudingut.<\/span><\/p>\n","protected":false},"featured_media":17493,"template":"","meta":{"_acf_changed":false},"product_brand":[],"product_cat":[62,57,59],"product_tag":[60],"class_list":{"0":"post-17492","1":"product","2":"type-product","3":"status-publish","4":"has-post-thumbnail","6":"product_cat-joonistus","7":"product_cat-muudud","8":"product_cat-e-pood","9":"product_tag-e-pood","11":"first","12":"outofstock","13":"sold-individually","14":"shipping-taxable","15":"purchasable","16":"product-type-simple"},"acf":[],"_links":{"self":[{"href":"https:\/\/alleegalerii.ee\/en\/wp-json\/wp\/v2\/product\/17492","targetHints":{"allow":["GET"]}}],"collection":[{"href":"https:\/\/alleegalerii.ee\/en\/wp-json\/wp\/v2\/product"}],"about":[{"href":"https:\/\/alleegalerii.ee\/en\/wp-json\/wp\/v2\/types\/product"}],"wp:featuredmedia":[{"embeddable":true,"href":"https:\/\/alleegalerii.ee\/en\/wp-json\/wp\/v2\/media\/17493"}],"wp:attachment":[{"href":"https:\/\/alleegalerii.ee\/en\/wp-json\/wp\/v2\/media?parent=17492"}],"wp:term":[{"taxonomy":"product_brand","embeddable":true,"href":"https:\/\/alleegalerii.ee\/en\/wp-json\/wp\/v2\/product_brand?post=17492"},{"taxonomy":"product_cat","embeddable":true,"href":"https:\/\/alleegalerii.ee\/en\/wp-json\/wp\/v2\/product_cat?post=17492"},{"taxonomy":"product_tag","embeddable":true,"href":"https:\/\/alleegalerii.ee\/en\/wp-json\/wp\/v2\/product_tag?post=17492"}],"curies":[{"name":"wp","href":"https:\/\/api.w.org\/{rel}","templated":true}]}}