{"id":17469,"date":"2024-06-27T21:59:07","date_gmt":"2024-06-27T18:59:07","guid":{"rendered":"https:\/\/alleegalerii.ee\/?post_type=product&#038;p=17469"},"modified":"2024-12-17T11:53:02","modified_gmt":"2024-12-17T09:53:02","slug":"enn-poldroos-susanna-supleb-2014","status":"publish","type":"product","link":"https:\/\/alleegalerii.ee\/en\/shop\/enn-poldroos-susanna-supleb-2014\/","title":{"rendered":"Enn P\u00f5ldroos \u201cSusanna supleb\u201c, 2014"},"content":{"rendered":"","protected":false},"excerpt":{"rendered":"<p>M\u00dc\u00dcDUD.<\/p>\n<p>\u00d5li l\u00f5uendil. Raamitud.<\/p>\n<p>M\u00f5\u00f5dud: 102 x 67 cm.<\/p>\n<p>P\u00f6\u00f6rdel: ENN P\u00d5LDROOS&#8221;SUSANNA SUPLEB&#8221;, \u00d5LI 2014.<\/p>\n<div class=\"wpb_wrapper is_stuck\">\n<div class=\"wpb_text_column wpb_content_element\">\n<div class=\"wpb_wrapper\">\n<p>Eesti kunsti elav klassik Enn P\u00f5ldroos (s 1933), kelle loomingu p\u00f5hjalik \u00fclevaaaten\u00e4itus avatakse k\u00e4esoleval aastal Kumus, on piiblit anal\u00fc\u00fcsinud kui kirjandusteost. Just see oli teos, mis sageli esimesena kirjaoskajate eestlasteni j\u00f5udis ja nii said suitsutaredes loetud jutud m\u00fc\u00fctilistest naistest osaks meie kultuuriloost. Seet\u00f5ttu vaatleb P\u00f5ldroos ka oma maaliloomingus piiblit \u00fcldise vaimsuse m\u00f5jutajana, anal\u00fc\u00fcsib sealseid jutustusi t\u00e4nap\u00e4eva kontekstis.<\/p>\n<p>K\u00e4esolevas, \u201cPiibli daamide\u201d sarja kuuluvas t\u00f6\u00f6s interpreteerib kunstnik nii Rubensi kui Rembrandti poolt maailma kunstiklassikasse maalitud teost \u201cSusanna supleb\u201d, kujutades teda kauni ja sulnina, justkui jumalannat. Tema modellide ebamaise ilu saladust on kunstnik ise kirjeldanud nii: \u201cT\u00e4iuslikus modellis oleks nagu aegade saladus. \u00dcks joon, \u00fcks vorm voogab teiseks, kuid kumeruse \u00fcleminek j\u00e4rgmiseks ei toimu l\u00f5dvas \u00fcksk\u00f5iksuses \u2013 nende vahel on pingestunud ala, oaas, kuhu vanasti tulid k\u00f5rbeelanikud matma oma kulda.\u201d (\u201cEnn P\u00f5ldroos \u2013 Maalid 1967-2007\u201d, 2008. Lk 22).<\/p>\n<p>Meistrile omaselt on P\u00f5ldroos pildiv\u00e4lja \u00fclesehituse rakendanud loo jutustamisse \u2013 puhas ja s\u00fc\u00fctu Susanna on kujutatud \u00f5rna mustvalge joonega, samas salaja aeda hiilinud pealtvaatajad j\u00e4etakse v\u00e4rava taha ning kujutatud tunduvalt s\u00fcgavamates, laiade pintslil\u00f6\u00f6kidega l\u00f5uendile kantud toonides.<\/p>\n<\/div>\n<\/div>\n<\/div>\n","protected":false},"featured_media":15635,"template":"","meta":{"_acf_changed":false},"product_brand":[],"product_cat":[415,56,57,59],"product_tag":[60],"class_list":{"0":"post-17469","1":"product","2":"type-product","3":"status-publish","4":"has-post-thumbnail","6":"product_cat-maal","7":"product_cat-olimaal","8":"product_cat-muudud","9":"product_cat-e-pood","10":"product_tag-e-pood","12":"first","13":"outofstock","14":"sold-individually","15":"shipping-taxable","16":"purchasable","17":"product-type-simple"},"acf":[],"_links":{"self":[{"href":"https:\/\/alleegalerii.ee\/en\/wp-json\/wp\/v2\/product\/17469","targetHints":{"allow":["GET"]}}],"collection":[{"href":"https:\/\/alleegalerii.ee\/en\/wp-json\/wp\/v2\/product"}],"about":[{"href":"https:\/\/alleegalerii.ee\/en\/wp-json\/wp\/v2\/types\/product"}],"wp:featuredmedia":[{"embeddable":true,"href":"https:\/\/alleegalerii.ee\/en\/wp-json\/wp\/v2\/media\/15635"}],"wp:attachment":[{"href":"https:\/\/alleegalerii.ee\/en\/wp-json\/wp\/v2\/media?parent=17469"}],"wp:term":[{"taxonomy":"product_brand","embeddable":true,"href":"https:\/\/alleegalerii.ee\/en\/wp-json\/wp\/v2\/product_brand?post=17469"},{"taxonomy":"product_cat","embeddable":true,"href":"https:\/\/alleegalerii.ee\/en\/wp-json\/wp\/v2\/product_cat?post=17469"},{"taxonomy":"product_tag","embeddable":true,"href":"https:\/\/alleegalerii.ee\/en\/wp-json\/wp\/v2\/product_tag?post=17469"}],"curies":[{"name":"wp","href":"https:\/\/api.w.org\/{rel}","templated":true}]}}