{"id":17468,"date":"2024-06-27T21:58:22","date_gmt":"2024-06-27T18:58:22","guid":{"rendered":"https:\/\/alleegalerii.ee\/?post_type=product&#038;p=17468"},"modified":"2025-01-20T21:00:50","modified_gmt":"2025-01-20T19:00:50","slug":"laurentsius-roos-2013-2","status":"publish","type":"product","link":"https:\/\/alleegalerii.ee\/en\/shop\/laurentsius-roos-2013-2\/","title":{"rendered":"Laurentsius &#8220;Roos&#8221;, 2013"},"content":{"rendered":"","protected":false},"excerpt":{"rendered":"<p>\u00d5li puidul. Raamitud.<\/p>\n<p>M\u00f5\u00f5t koos raamiga: 77 x 26 cm.<\/p>\n<p>P\u00f6\u00f6rdel: LAURENTSIUS &amp; CO G. F. R. 2 2013 OIL ON H. D. F., MIXED MEDIA 77 X 26 cm<\/p>\n<div class=\"wpb_wrapper is_stuck\">\n<div class=\"wpb_text_column wpb_content_element\">\n<div class=\"wpb_wrapper\">\n<p>Eesti camp-kunsti suurmeistri ja \u00fche originaalsema kunstniku Laurentsiuse teos koosneb maalist ja ready made\u00b4ist. Sageli mustale taustale valge roosi maalinud Laurentsius saavutab t\u00f6\u00f6s metaf\u00fc\u00fcsilise tundlikkuse, mille ta \u00fchendab akordioni m\u00e4ngiva inglikujuga. T\u00e4hendustest ja k\u00f5rvalt\u00e4hendustest pungil teose \u00fcks olulisemaid s\u00f5numeid on ajatuse kuulutamine, kuid palju j\u00e4tab teos ka vaataja kujutlusv\u00f5imele.<\/p>\n<p>&nbsp;<\/p>\n<\/div>\n<\/div>\n<\/div>\n","protected":false},"featured_media":17235,"template":"","meta":{"_acf_changed":false},"product_brand":[],"product_cat":[415,56,59],"product_tag":[60],"class_list":{"0":"post-17468","1":"product","2":"type-product","3":"status-publish","4":"has-post-thumbnail","6":"product_cat-maal","7":"product_cat-olimaal","8":"product_cat-e-pood","9":"product_tag-e-pood","11":"first","12":"instock","13":"sold-individually","14":"shipping-taxable","15":"purchasable","16":"product-type-simple"},"acf":[],"_links":{"self":[{"href":"https:\/\/alleegalerii.ee\/en\/wp-json\/wp\/v2\/product\/17468","targetHints":{"allow":["GET"]}}],"collection":[{"href":"https:\/\/alleegalerii.ee\/en\/wp-json\/wp\/v2\/product"}],"about":[{"href":"https:\/\/alleegalerii.ee\/en\/wp-json\/wp\/v2\/types\/product"}],"wp:featuredmedia":[{"embeddable":true,"href":"https:\/\/alleegalerii.ee\/en\/wp-json\/wp\/v2\/media\/17235"}],"wp:attachment":[{"href":"https:\/\/alleegalerii.ee\/en\/wp-json\/wp\/v2\/media?parent=17468"}],"wp:term":[{"taxonomy":"product_brand","embeddable":true,"href":"https:\/\/alleegalerii.ee\/en\/wp-json\/wp\/v2\/product_brand?post=17468"},{"taxonomy":"product_cat","embeddable":true,"href":"https:\/\/alleegalerii.ee\/en\/wp-json\/wp\/v2\/product_cat?post=17468"},{"taxonomy":"product_tag","embeddable":true,"href":"https:\/\/alleegalerii.ee\/en\/wp-json\/wp\/v2\/product_tag?post=17468"}],"curies":[{"name":"wp","href":"https:\/\/api.w.org\/{rel}","templated":true}]}}