{"id":17466,"date":"2024-05-28T14:31:39","date_gmt":"2024-05-28T11:31:39","guid":{"rendered":"https:\/\/alleegalerii.ee\/?post_type=product&#038;p=17466"},"modified":"2025-01-23T14:05:15","modified_gmt":"2025-01-23T12:05:15","slug":"silvi-liiva-tuules-1984","status":"publish","type":"product","link":"https:\/\/alleegalerii.ee\/en\/shop\/silvi-liiva-tuules-1984\/","title":{"rendered":"Silvi Liiva &#8220;Tuules&#8221;, 1984"},"content":{"rendered":"","protected":false},"excerpt":{"rendered":"<p>M\u00dc\u00dcDUD.<\/p>\n<p>Ofort paberil.<\/p>\n<p>M\u00f5\u00f5dud: plm 46 x 60,5 cm.<\/p>\n<p>All vasakul: Tuules. ofort.<br \/>\nAll paremal: Silvi Liiva 1984<\/p>\n<p>Teos on m\u00fc\u00fcgil lehe kujul, soovi korral saame aidata raami valikul ja vormistamisel.<\/p>\n<p><span style=\"font-weight: 400;\">L\u00f5una-Eestist V\u00e4rskast p\u00e4rit graafik Silvi Liiva (1941-2023) on oma loomingu eest v\u00f5itnud arvukalt preemiaid, sh Eduard Wiiralti graafika auhinna (elut\u00f6\u00f6preemia). Tema s\u00fcrreaalse alatooniga teoste p\u00f5hifookus on emotsioonidel, s\u00fcmbolitel, t\u00e4hendusel.<\/span><\/p>\n<p><span style=\"font-weight: 400;\">Tuulest kantud \u00f5rnad naisolevused m\u00f5juvad kui kerged rohuk\u00f5rred paindudes iili kandval j\u00f5ul kord vasemale, kord paremale. Tundlikkust r\u00f5hutab liivalikult m\u00f5juv l\u00e4bit\u00f6\u00f6tamata taust.<\/span><\/p>\n","protected":false},"featured_media":17467,"template":"","meta":{"_acf_changed":false},"product_brand":[],"product_cat":[61,59],"product_tag":[60],"class_list":{"0":"post-17466","1":"product","2":"type-product","3":"status-publish","4":"has-post-thumbnail","6":"product_cat-graafika","7":"product_cat-e-pood","8":"product_tag-e-pood","10":"first","11":"outofstock","12":"sold-individually","13":"shipping-taxable","14":"purchasable","15":"product-type-simple"},"acf":[],"_links":{"self":[{"href":"https:\/\/alleegalerii.ee\/en\/wp-json\/wp\/v2\/product\/17466","targetHints":{"allow":["GET"]}}],"collection":[{"href":"https:\/\/alleegalerii.ee\/en\/wp-json\/wp\/v2\/product"}],"about":[{"href":"https:\/\/alleegalerii.ee\/en\/wp-json\/wp\/v2\/types\/product"}],"wp:featuredmedia":[{"embeddable":true,"href":"https:\/\/alleegalerii.ee\/en\/wp-json\/wp\/v2\/media\/17467"}],"wp:attachment":[{"href":"https:\/\/alleegalerii.ee\/en\/wp-json\/wp\/v2\/media?parent=17466"}],"wp:term":[{"taxonomy":"product_brand","embeddable":true,"href":"https:\/\/alleegalerii.ee\/en\/wp-json\/wp\/v2\/product_brand?post=17466"},{"taxonomy":"product_cat","embeddable":true,"href":"https:\/\/alleegalerii.ee\/en\/wp-json\/wp\/v2\/product_cat?post=17466"},{"taxonomy":"product_tag","embeddable":true,"href":"https:\/\/alleegalerii.ee\/en\/wp-json\/wp\/v2\/product_tag?post=17466"}],"curies":[{"name":"wp","href":"https:\/\/api.w.org\/{rel}","templated":true}]}}