{"id":17462,"date":"2024-05-28T14:37:48","date_gmt":"2024-05-28T11:37:48","guid":{"rendered":"https:\/\/alleegalerii.ee\/?post_type=product&#038;p=17462"},"modified":"2026-01-16T15:56:03","modified_gmt":"2026-01-16T13:56:03","slug":"jaan-elken-gray-and-nothing-2010","status":"publish","type":"product","link":"https:\/\/alleegalerii.ee\/en\/shop\/jaan-elken-gray-and-nothing-2010\/","title":{"rendered":"Jaan Elken &#8220;Gray and nothing&#8221;, 2010"},"content":{"rendered":"","protected":false},"excerpt":{"rendered":"<p>Akr\u00fc\u00fcl l\u00f5uendil.<\/p>\n<p>M\u00f5\u00f5dud: 80 x 100 cm.<\/p>\n<p>\u00dcleval paremal: J.ELKEN<br \/>\nP\u00f6\u00f6rdel: JAAN ELKEN (B. 1954) &#8220;GRAY AND NOTHING&#8221; ACRYLIC\/CANVAS 80&#215;100 cm 2010<\/p>\n<p>Jaan Elken (s 1954) on eesti maalikunstnik. Ta l\u00f5petas 1977. aastal Eesti Riikliku Kunstiinstituudi arhitektuuri erialal.<\/p>\n","protected":false},"featured_media":17463,"template":"","meta":{"_acf_changed":false},"product_brand":[],"product_cat":[415,59,96],"product_tag":[60],"class_list":{"0":"post-17462","1":"product","2":"type-product","3":"status-publish","4":"has-post-thumbnail","6":"product_cat-maal","7":"product_cat-e-pood","8":"product_cat-akruul","9":"product_tag-e-pood","11":"first","12":"instock","13":"sold-individually","14":"shipping-taxable","15":"purchasable","16":"product-type-simple"},"acf":[],"_links":{"self":[{"href":"https:\/\/alleegalerii.ee\/en\/wp-json\/wp\/v2\/product\/17462","targetHints":{"allow":["GET"]}}],"collection":[{"href":"https:\/\/alleegalerii.ee\/en\/wp-json\/wp\/v2\/product"}],"about":[{"href":"https:\/\/alleegalerii.ee\/en\/wp-json\/wp\/v2\/types\/product"}],"wp:featuredmedia":[{"embeddable":true,"href":"https:\/\/alleegalerii.ee\/en\/wp-json\/wp\/v2\/media\/17463"}],"wp:attachment":[{"href":"https:\/\/alleegalerii.ee\/en\/wp-json\/wp\/v2\/media?parent=17462"}],"wp:term":[{"taxonomy":"product_brand","embeddable":true,"href":"https:\/\/alleegalerii.ee\/en\/wp-json\/wp\/v2\/product_brand?post=17462"},{"taxonomy":"product_cat","embeddable":true,"href":"https:\/\/alleegalerii.ee\/en\/wp-json\/wp\/v2\/product_cat?post=17462"},{"taxonomy":"product_tag","embeddable":true,"href":"https:\/\/alleegalerii.ee\/en\/wp-json\/wp\/v2\/product_tag?post=17462"}],"curies":[{"name":"wp","href":"https:\/\/api.w.org\/{rel}","templated":true}]}}