{"id":17461,"date":"2024-05-28T14:37:23","date_gmt":"2024-05-28T11:37:23","guid":{"rendered":"https:\/\/alleegalerii.ee\/?post_type=product&#038;p=17461"},"modified":"2024-10-15T20:36:25","modified_gmt":"2024-10-15T17:36:25","slug":"juss-piho-p-room-2020","status":"publish","type":"product","link":"https:\/\/alleegalerii.ee\/en\/shop\/juss-piho-p-room-2020\/","title":{"rendered":"Juss Piho &#8220;P-Room&#8221;, 2020"},"content":{"rendered":"","protected":false},"excerpt":{"rendered":"<p>M\u00dc\u00dcDUD.<\/p>\n<p>\u00d5li l\u00f5uendil. Raamitud.<\/p>\n<p>M\u00f5\u00f5dud: 60 x 60 cm, raamiga 64 x 64 cm.<\/p>\n<p>All paremal: Piho<br \/>\nP\u00f6\u00f6rdel: JUSS PIHO &#8220;P-ROOM&#8221; OIL ON CANVAS 60 x 60 cm 2020<\/p>\n<p class=\"p1\">Eesti Kunstnike Liidu liikme Juss Piho (s 1963) loodud jutustustes valitseb absurd, huumor ja mitmem\u00f5ttelisus.<\/p>\n<p class=\"p1\">Teosel &#8220;P-room&#8221; m\u00e4ngib ta enda perekonnanime esit\u00e4hega. Ent ehk t\u00e4histab ruumi t\u00e4histav &#8220;P&#8221; hoopis midagi muud? Piho ise siin vastuseid ei anna ning soovitab vaatajal t\u00e4pne t\u00e4hendus endal v\u00e4lja m\u00f5elda.<\/p>\n","protected":false},"featured_media":17464,"template":"","meta":{"_acf_changed":false},"product_brand":[],"product_cat":[415,56,57,59],"product_tag":[60],"class_list":{"0":"post-17461","1":"product","2":"type-product","3":"status-publish","4":"has-post-thumbnail","6":"product_cat-maal","7":"product_cat-olimaal","8":"product_cat-muudud","9":"product_cat-e-pood","10":"product_tag-e-pood","12":"first","13":"outofstock","14":"sold-individually","15":"shipping-taxable","16":"purchasable","17":"product-type-simple"},"acf":[],"_links":{"self":[{"href":"https:\/\/alleegalerii.ee\/en\/wp-json\/wp\/v2\/product\/17461","targetHints":{"allow":["GET"]}}],"collection":[{"href":"https:\/\/alleegalerii.ee\/en\/wp-json\/wp\/v2\/product"}],"about":[{"href":"https:\/\/alleegalerii.ee\/en\/wp-json\/wp\/v2\/types\/product"}],"wp:featuredmedia":[{"embeddable":true,"href":"https:\/\/alleegalerii.ee\/en\/wp-json\/wp\/v2\/media\/17464"}],"wp:attachment":[{"href":"https:\/\/alleegalerii.ee\/en\/wp-json\/wp\/v2\/media?parent=17461"}],"wp:term":[{"taxonomy":"product_brand","embeddable":true,"href":"https:\/\/alleegalerii.ee\/en\/wp-json\/wp\/v2\/product_brand?post=17461"},{"taxonomy":"product_cat","embeddable":true,"href":"https:\/\/alleegalerii.ee\/en\/wp-json\/wp\/v2\/product_cat?post=17461"},{"taxonomy":"product_tag","embeddable":true,"href":"https:\/\/alleegalerii.ee\/en\/wp-json\/wp\/v2\/product_tag?post=17461"}],"curies":[{"name":"wp","href":"https:\/\/api.w.org\/{rel}","templated":true}]}}