{"id":17414,"date":"2024-05-22T15:43:37","date_gmt":"2024-05-22T12:43:37","guid":{"rendered":"https:\/\/alleegalerii.ee\/?post_type=product&#038;p=17414"},"modified":"2024-06-27T21:59:54","modified_gmt":"2024-06-27T18:59:54","slug":"urmo-rausi-kogumik-ohtumaade-rannakud","status":"publish","type":"product","link":"https:\/\/alleegalerii.ee\/en\/shop\/urmo-rausi-kogumik-ohtumaade-rannakud\/","title":{"rendered":"Urmo Rausi kogumik &#8220;\u00d5htumaade r\u00e4nnakud&#8221;, 2021"},"content":{"rendered":"","protected":false},"excerpt":{"rendered":"<p>Seitset r\u00e4nnujuttu sisaldav kogumik.<\/p>\n<p>Eesti keeles, 56 lehek\u00fclge, formaat 14 x 20,5 cm<\/p>\n<p>Kirjastanud\u00a0 Studio Raus, november 2021<\/p>\n","protected":false},"featured_media":17417,"template":"","meta":{"_acf_changed":false},"product_brand":[],"product_cat":[55,59],"product_tag":[60],"class_list":{"0":"post-17414","1":"product","2":"type-product","3":"status-publish","4":"has-post-thumbnail","6":"product_cat-raamatud","7":"product_cat-e-pood","8":"product_tag-e-pood","10":"first","11":"instock","12":"shipping-taxable","13":"purchasable","14":"product-type-simple"},"acf":[],"_links":{"self":[{"href":"https:\/\/alleegalerii.ee\/en\/wp-json\/wp\/v2\/product\/17414","targetHints":{"allow":["GET"]}}],"collection":[{"href":"https:\/\/alleegalerii.ee\/en\/wp-json\/wp\/v2\/product"}],"about":[{"href":"https:\/\/alleegalerii.ee\/en\/wp-json\/wp\/v2\/types\/product"}],"wp:featuredmedia":[{"embeddable":true,"href":"https:\/\/alleegalerii.ee\/en\/wp-json\/wp\/v2\/media\/17417"}],"wp:attachment":[{"href":"https:\/\/alleegalerii.ee\/en\/wp-json\/wp\/v2\/media?parent=17414"}],"wp:term":[{"taxonomy":"product_brand","embeddable":true,"href":"https:\/\/alleegalerii.ee\/en\/wp-json\/wp\/v2\/product_brand?post=17414"},{"taxonomy":"product_cat","embeddable":true,"href":"https:\/\/alleegalerii.ee\/en\/wp-json\/wp\/v2\/product_cat?post=17414"},{"taxonomy":"product_tag","embeddable":true,"href":"https:\/\/alleegalerii.ee\/en\/wp-json\/wp\/v2\/product_tag?post=17414"}],"curies":[{"name":"wp","href":"https:\/\/api.w.org\/{rel}","templated":true}]}}