{"id":1741,"date":"2020-11-05T17:38:01","date_gmt":"2020-11-05T15:38:01","guid":{"rendered":"https:\/\/alleegalerii.ee\/?post_type=product&#038;p=1741"},"modified":"2026-03-09T11:19:40","modified_gmt":"2026-03-09T09:19:40","slug":"24-valdur-ohakas-kaldaaarsed-mannid-1965","status":"publish","type":"product","link":"https:\/\/alleegalerii.ee\/en\/shop\/24-valdur-ohakas-kaldaaarsed-mannid-1965\/","title":{"rendered":"24. VALDUR OHAKAS &#8220;Kalda\u00e4\u00e4rsed m\u00e4nnid&#8221; 1965"},"content":{"rendered":"","protected":false},"excerpt":{"rendered":"<p><span style=\"font-weight: 400;\">\u00d5li, l\u00f5uend. 61,5 x 85,5.<\/span><\/p>\n<p><span style=\"font-weight: 400;\">Valdur Ohakas m\u00e4ngis olulist rolli s\u00f5j\u00e4j\u00e4rgse eesti kunsti uuenemisprotsessis ja just 1960ndad ja 1970ndad olid tema loomingu k\u00f5rgperioodiks.<\/span><\/p>\n<p><span style=\"font-weight: 400;\">Energiliste joontega maastik p\u00e4rineb kunstniku romantilise stiili perioodist. See stiil sobis Ohakale, v\u00f5imaldades tal n\u00e4idata oma vormivaldamist, head v\u00e4rvitunnetust, kompositsioonilist leidlikkust, j\u00f5ulist spontaanset ekspressiivsust. 1960ndate keskpaik on tal ka intensiivsete katsetuste aeg, mil s\u00fcndis mitmeski m\u00f5ttes ainulaadseid teoseid. <\/span><\/p>\n","protected":false},"featured_media":1742,"template":"","meta":{"_acf_changed":false},"product_brand":[],"product_cat":[52],"product_tag":[],"class_list":{"0":"post-1741","1":"product","2":"type-product","3":"status-publish","4":"has-post-thumbnail","6":"product_cat-sugisoksjon","7":"auction-is-closed","8":"current-user-is-not-highest-bidder","10":"first","11":"instock","12":"shipping-taxable","13":"purchasable","14":"product-type-auction"},"acf":[],"_links":{"self":[{"href":"https:\/\/alleegalerii.ee\/en\/wp-json\/wp\/v2\/product\/1741","targetHints":{"allow":["GET"]}}],"collection":[{"href":"https:\/\/alleegalerii.ee\/en\/wp-json\/wp\/v2\/product"}],"about":[{"href":"https:\/\/alleegalerii.ee\/en\/wp-json\/wp\/v2\/types\/product"}],"wp:featuredmedia":[{"embeddable":true,"href":"https:\/\/alleegalerii.ee\/en\/wp-json\/wp\/v2\/media\/1742"}],"wp:attachment":[{"href":"https:\/\/alleegalerii.ee\/en\/wp-json\/wp\/v2\/media?parent=1741"}],"wp:term":[{"taxonomy":"product_brand","embeddable":true,"href":"https:\/\/alleegalerii.ee\/en\/wp-json\/wp\/v2\/product_brand?post=1741"},{"taxonomy":"product_cat","embeddable":true,"href":"https:\/\/alleegalerii.ee\/en\/wp-json\/wp\/v2\/product_cat?post=1741"},{"taxonomy":"product_tag","embeddable":true,"href":"https:\/\/alleegalerii.ee\/en\/wp-json\/wp\/v2\/product_tag?post=1741"}],"curies":[{"name":"wp","href":"https:\/\/api.w.org\/{rel}","templated":true}]}}