{"id":17400,"date":"2024-05-21T12:53:55","date_gmt":"2024-05-21T09:53:55","guid":{"rendered":"https:\/\/alleegalerii.ee\/?post_type=product&#038;p=17400"},"modified":"2025-06-29T21:57:48","modified_gmt":"2025-06-29T18:57:48","slug":"juri-marran-meeskoor-1975-2","status":"publish","type":"product","link":"https:\/\/alleegalerii.ee\/en\/shop\/juri-marran-meeskoor-1975-2\/","title":{"rendered":"J\u00fcri Marran \u201cMeeskoor\u201d, 1975"},"content":{"rendered":"","protected":false},"excerpt":{"rendered":"<p>Segatehnika paberil. Raamitud.<\/p>\n<p>M\u00f5\u00f5dud: Km 63 x 43 cm.<\/p>\n<p>All vasakul: Marran 75<\/p>\n<div class=\"wpb_wrapper is_stuck\">\n<div class=\"wpb_text_column wpb_content_element\">\n<div class=\"wpb_wrapper\">\n<p>Tartust p\u00e4rit kunstnik J\u00fcri Marrani (1937-2021) jaoks olid muusika ja teater oluline osa tema elust. Nii oli ta 2009. aastal Vanemuise etendust \u201cManon\u201d arvustades vaimustatud, kui aktiivselt ja s\u00e4ravalt esines koor. Samasugust imetlust p\u00e4lvivad laulvad mehed ka tema teoses \u201cMeeskoor\u201d, kus \u00fcldistava ning stiliseeritud ja motiivi kordusele rajaneva kujundikeelega annab ta edasi \u00fchise meestelaulu olemuse: iga\u00fchel on siin pusles oma kindel koht.<\/p>\n<p>V\u00e4gevad eesti mehed seismas mitmes reas avatud s\u00fcnkjas-pruunide silmade ja suudega viib m\u00f5tter\u00e4nnakule ka maalikunstnik Mauri Grossi: \u201cMeeste n\u00e4od v\u00e4ljendamas j\u00f5udu ja veendumust on suurep\u00e4raseks tehniliseks lahenduseks, sest \u00f5hulised pinnad vahelduvad selgete piirjoontega n\u00e4gudel. Teose metaf\u00fc\u00fcsiline osa on m\u00f5tter\u00e4nnak, mis lubab pilti m\u00f5ttes korrutada l\u00f5pmatuseni nii vasakule kui paremale hiiglaslikuks rahvuskooriks laulukaare all.\u201d<\/p>\n<\/div>\n<\/div>\n<\/div>\n","protected":false},"featured_media":16420,"template":"","meta":{"_acf_changed":false},"product_brand":[],"product_cat":[415,62,59,93],"product_tag":[60],"class_list":{"0":"post-17400","1":"product","2":"type-product","3":"status-publish","4":"has-post-thumbnail","6":"product_cat-maal","7":"product_cat-joonistus","8":"product_cat-e-pood","9":"product_cat-segatehnika","10":"product_tag-e-pood","12":"first","13":"instock","14":"sold-individually","15":"shipping-taxable","16":"purchasable","17":"product-type-simple"},"acf":[],"_links":{"self":[{"href":"https:\/\/alleegalerii.ee\/en\/wp-json\/wp\/v2\/product\/17400","targetHints":{"allow":["GET"]}}],"collection":[{"href":"https:\/\/alleegalerii.ee\/en\/wp-json\/wp\/v2\/product"}],"about":[{"href":"https:\/\/alleegalerii.ee\/en\/wp-json\/wp\/v2\/types\/product"}],"wp:featuredmedia":[{"embeddable":true,"href":"https:\/\/alleegalerii.ee\/en\/wp-json\/wp\/v2\/media\/16420"}],"wp:attachment":[{"href":"https:\/\/alleegalerii.ee\/en\/wp-json\/wp\/v2\/media?parent=17400"}],"wp:term":[{"taxonomy":"product_brand","embeddable":true,"href":"https:\/\/alleegalerii.ee\/en\/wp-json\/wp\/v2\/product_brand?post=17400"},{"taxonomy":"product_cat","embeddable":true,"href":"https:\/\/alleegalerii.ee\/en\/wp-json\/wp\/v2\/product_cat?post=17400"},{"taxonomy":"product_tag","embeddable":true,"href":"https:\/\/alleegalerii.ee\/en\/wp-json\/wp\/v2\/product_tag?post=17400"}],"curies":[{"name":"wp","href":"https:\/\/api.w.org\/{rel}","templated":true}]}}