{"id":17396,"date":"2024-05-17T13:59:04","date_gmt":"2024-05-17T10:59:04","guid":{"rendered":"https:\/\/alleegalerii.ee\/?post_type=product&#038;p=17396"},"modified":"2026-01-16T16:34:18","modified_gmt":"2026-01-16T14:34:18","slug":"erich-pehap-kokkusaamine-1976","status":"publish","type":"product","link":"https:\/\/alleegalerii.ee\/en\/shop\/erich-pehap-kokkusaamine-1976\/","title":{"rendered":"Erich Pehap &#8220;Kokkusaamine&#8221;, 1976"},"content":{"rendered":"","protected":false},"excerpt":{"rendered":"<p>Akvarell paberil. Raamitud.<\/p>\n<p>M\u00f5\u00f5dud: km 20,5 x 34 cm, raamiga 51,5 x 64 cm.<\/p>\n<p>All paremal: E. Pehap 1976<\/p>\n<p>Viljandis s\u00fcndinud Erich Pehap (1912-1981) \u00f5ppis Pallases maalikunsti, Riigi Kunstit\u00f6\u00f6stuskoolis keraamikat ja tarbegraafikat ning 1939 l\u00f5petas Pallase graafikuna. 1943. aastal Soome, sealt edasi Rootsi ning hiljem Kanadasse siirdunud kunstniku tegevus ja looming j\u00e4ttis kustumatu j\u00e4lje kohalikku kunstiellu.<\/p>\n","protected":false},"featured_media":17397,"template":"","meta":{"_acf_changed":false},"product_brand":[],"product_cat":[415,54,59],"product_tag":[60],"class_list":{"0":"post-17396","1":"product","2":"type-product","3":"status-publish","4":"has-post-thumbnail","6":"product_cat-maal","7":"product_cat-akvarell","8":"product_cat-e-pood","9":"product_tag-e-pood","11":"first","12":"instock","13":"sold-individually","14":"shipping-taxable","15":"purchasable","16":"product-type-simple"},"acf":[],"_links":{"self":[{"href":"https:\/\/alleegalerii.ee\/en\/wp-json\/wp\/v2\/product\/17396","targetHints":{"allow":["GET"]}}],"collection":[{"href":"https:\/\/alleegalerii.ee\/en\/wp-json\/wp\/v2\/product"}],"about":[{"href":"https:\/\/alleegalerii.ee\/en\/wp-json\/wp\/v2\/types\/product"}],"wp:featuredmedia":[{"embeddable":true,"href":"https:\/\/alleegalerii.ee\/en\/wp-json\/wp\/v2\/media\/17397"}],"wp:attachment":[{"href":"https:\/\/alleegalerii.ee\/en\/wp-json\/wp\/v2\/media?parent=17396"}],"wp:term":[{"taxonomy":"product_brand","embeddable":true,"href":"https:\/\/alleegalerii.ee\/en\/wp-json\/wp\/v2\/product_brand?post=17396"},{"taxonomy":"product_cat","embeddable":true,"href":"https:\/\/alleegalerii.ee\/en\/wp-json\/wp\/v2\/product_cat?post=17396"},{"taxonomy":"product_tag","embeddable":true,"href":"https:\/\/alleegalerii.ee\/en\/wp-json\/wp\/v2\/product_tag?post=17396"}],"curies":[{"name":"wp","href":"https:\/\/api.w.org\/{rel}","templated":true}]}}