{"id":17385,"date":"2024-05-14T17:52:25","date_gmt":"2024-05-14T14:52:25","guid":{"rendered":"https:\/\/alleegalerii.ee\/?post_type=product&#038;p=17385"},"modified":"2026-03-10T09:48:17","modified_gmt":"2026-03-10T07:48:17","slug":"enno-allik-rannamaastik-1996","status":"publish","type":"product","link":"https:\/\/alleegalerii.ee\/en\/shop\/enno-allik-rannamaastik-1996\/","title":{"rendered":"Enno Allik &#8220;Rannamaastik&#8221;, 1996"},"content":{"rendered":"","protected":false},"excerpt":{"rendered":"<p>\u00d5li l\u00f5uend kleebitud masoniidil. Raamitud.<\/p>\n<p>M\u00f5\u00f5dud: 40 x 55 cm, raamiga 49 x 63,5 cm.<\/p>\n<p>All paremal: E. Allik. 1996.<br \/>\nP\u00f6\u00f6rdel: Enno Allik. 1996. I 12. Rannamaastik. 40 x 55. \u00f5li. l\u00f5uend papil.<\/p>\n<p>Viljandimaalt p\u00e4rit maalikunstnik Enno Allik (s 1936) \u00f5ppis maalikunsti kunstnik Silvia J\u00f5geveri k\u00e4e all ning on esinenud mitmetel n\u00e4itustel nii Eestis kui v\u00e4lismaal.<\/p>\n","protected":false},"featured_media":17386,"template":"","meta":{"_acf_changed":false},"product_brand":[],"product_cat":[415,56,59],"product_tag":[60],"class_list":{"0":"post-17385","1":"product","2":"type-product","3":"status-publish","4":"has-post-thumbnail","6":"product_cat-maal","7":"product_cat-olimaal","8":"product_cat-e-pood","9":"product_tag-e-pood","11":"first","12":"instock","13":"sold-individually","14":"shipping-taxable","15":"purchasable","16":"product-type-simple"},"acf":[],"_links":{"self":[{"href":"https:\/\/alleegalerii.ee\/en\/wp-json\/wp\/v2\/product\/17385","targetHints":{"allow":["GET"]}}],"collection":[{"href":"https:\/\/alleegalerii.ee\/en\/wp-json\/wp\/v2\/product"}],"about":[{"href":"https:\/\/alleegalerii.ee\/en\/wp-json\/wp\/v2\/types\/product"}],"wp:featuredmedia":[{"embeddable":true,"href":"https:\/\/alleegalerii.ee\/en\/wp-json\/wp\/v2\/media\/17386"}],"wp:attachment":[{"href":"https:\/\/alleegalerii.ee\/en\/wp-json\/wp\/v2\/media?parent=17385"}],"wp:term":[{"taxonomy":"product_brand","embeddable":true,"href":"https:\/\/alleegalerii.ee\/en\/wp-json\/wp\/v2\/product_brand?post=17385"},{"taxonomy":"product_cat","embeddable":true,"href":"https:\/\/alleegalerii.ee\/en\/wp-json\/wp\/v2\/product_cat?post=17385"},{"taxonomy":"product_tag","embeddable":true,"href":"https:\/\/alleegalerii.ee\/en\/wp-json\/wp\/v2\/product_tag?post=17385"}],"curies":[{"name":"wp","href":"https:\/\/api.w.org\/{rel}","templated":true}]}}