{"id":17296,"date":"2024-05-06T15:38:47","date_gmt":"2024-05-06T12:38:47","guid":{"rendered":"https:\/\/alleegalerii.ee\/?post_type=product&#038;p=17296"},"modified":"2024-09-18T19:32:31","modified_gmt":"2024-09-18T16:32:31","slug":"stina-murakas-buddha-tants-2021","status":"publish","type":"product","link":"https:\/\/alleegalerii.ee\/en\/shop\/stina-murakas-buddha-tants-2021\/","title":{"rendered":"Stina Murakas &#8220;Buddha tants&#8221;, 2021"},"content":{"rendered":"","protected":false},"excerpt":{"rendered":"<p>Akr\u00fc\u00fcl l\u00f5uendil.<\/p>\n<p>M\u00f5\u00f5dud: 100 x 150 cm.<\/p>\n<p>P\u00f6\u00f6rdel: &#8220;Buddha&#8217;s dance&#8221; &#8220;Buddha tants&#8221; Stina Murakas 100&#215;150 acrylic\/canvas 2021<\/p>\n<p>Eesti Kunstiakadeemia maali erialal l\u00f5petanud ning Hiiumaal elanud kunstnik Stina Murakas (1967-2021) on oma loomingu kohta r\u00e4\u00e4kinud: \u201eMaal on nagu elu ise \u2013 sa v\u00f5id lisada kihte, palju-palju kihte ja k\u00f5ike kogu aeg muuta. Hea on teada, et sa v\u00f5id k\u00f5ike muuta: paremaks, t\u00e4iuslikumaks, tundlikumaks, tihedamaks, h\u00f5redamaks, heledamaks, tumedamaks, v\u00e4rvilisemaks, voolavamaks, r\u00f5\u00f5msamaks. Mulle meeldib, kui on koos j\u00f5uline ja \u00f5rn, k\u00fclm ja soe, sinine ja punane, ja h\u00e4sti palju heledust, valgust, soojust\u201d (Hedvig Hansoni intervjuu, Hingele pai, 2017).<\/p>\n","protected":false},"featured_media":17297,"template":"","meta":{"_acf_changed":false},"product_brand":[],"product_cat":[415,57,59,96],"product_tag":[60],"class_list":{"0":"post-17296","1":"product","2":"type-product","3":"status-publish","4":"has-post-thumbnail","6":"product_cat-maal","7":"product_cat-muudud","8":"product_cat-e-pood","9":"product_cat-akruul","10":"product_tag-e-pood","12":"first","13":"outofstock","14":"sold-individually","15":"shipping-taxable","16":"purchasable","17":"product-type-simple"},"acf":[],"_links":{"self":[{"href":"https:\/\/alleegalerii.ee\/en\/wp-json\/wp\/v2\/product\/17296","targetHints":{"allow":["GET"]}}],"collection":[{"href":"https:\/\/alleegalerii.ee\/en\/wp-json\/wp\/v2\/product"}],"about":[{"href":"https:\/\/alleegalerii.ee\/en\/wp-json\/wp\/v2\/types\/product"}],"wp:featuredmedia":[{"embeddable":true,"href":"https:\/\/alleegalerii.ee\/en\/wp-json\/wp\/v2\/media\/17297"}],"wp:attachment":[{"href":"https:\/\/alleegalerii.ee\/en\/wp-json\/wp\/v2\/media?parent=17296"}],"wp:term":[{"taxonomy":"product_brand","embeddable":true,"href":"https:\/\/alleegalerii.ee\/en\/wp-json\/wp\/v2\/product_brand?post=17296"},{"taxonomy":"product_cat","embeddable":true,"href":"https:\/\/alleegalerii.ee\/en\/wp-json\/wp\/v2\/product_cat?post=17296"},{"taxonomy":"product_tag","embeddable":true,"href":"https:\/\/alleegalerii.ee\/en\/wp-json\/wp\/v2\/product_tag?post=17296"}],"curies":[{"name":"wp","href":"https:\/\/api.w.org\/{rel}","templated":true}]}}