{"id":17276,"date":"2024-04-27T13:49:47","date_gmt":"2024-04-27T10:49:47","guid":{"rendered":"https:\/\/alleegalerii.ee\/?post_type=product&#038;p=17276"},"modified":"2025-01-23T13:15:09","modified_gmt":"2025-01-23T11:15:09","slug":"ashot-jegikjan-earl-grey-2020","status":"publish","type":"product","link":"https:\/\/alleegalerii.ee\/en\/shop\/ashot-jegikjan-earl-grey-2020\/","title":{"rendered":"Ashot Jegikjan &#8220;Earl Grey&#8221;, 2020"},"content":{"rendered":"","protected":false},"excerpt":{"rendered":"<p>M\u00dc\u00dcDUD.<\/p>\n<p>\u00d5li l\u00f5uendil. Raamitud.<\/p>\n<p>M\u00f5\u00f5dud: 40 x 32 cm, raamiga 43,5 x 35,5 cm<\/p>\n<p>All vasakul: Jegikjan<br \/>\nP\u00f6\u00f6rdel: A. Jegikjan 2020.<\/p>\n<p>Teejoomine on temaatikaks mitmes Ashot Jegikjani teoses \u2014 vahel taustal ja kohati teose keskmes nagu k\u00e4esoleval 2020. aasta \u00f5limaalil, kus Modiglianist inspireeritud naisterahvas endale pooluniselt ja rahumeelselt hommiku esimese tassi v\u00e4lja valab samal ajal kui linn taamal veel edasi magab.<\/p>\n<p class=\"font_8 wixui-rich-text__text\"><span class=\"wixui-rich-text__text\">Jegikjan on Eesti Kunstnike Liidu ja Eesti Maalikunstnike Liidu liige.<\/span><\/p>\n","protected":false},"featured_media":17277,"template":"","meta":{"_acf_changed":false},"product_brand":[],"product_cat":[415,56,57,59],"product_tag":[60],"class_list":{"0":"post-17276","1":"product","2":"type-product","3":"status-publish","4":"has-post-thumbnail","6":"product_cat-maal","7":"product_cat-olimaal","8":"product_cat-muudud","9":"product_cat-e-pood","10":"product_tag-e-pood","12":"first","13":"outofstock","14":"sold-individually","15":"shipping-taxable","16":"purchasable","17":"product-type-simple"},"acf":[],"_links":{"self":[{"href":"https:\/\/alleegalerii.ee\/en\/wp-json\/wp\/v2\/product\/17276","targetHints":{"allow":["GET"]}}],"collection":[{"href":"https:\/\/alleegalerii.ee\/en\/wp-json\/wp\/v2\/product"}],"about":[{"href":"https:\/\/alleegalerii.ee\/en\/wp-json\/wp\/v2\/types\/product"}],"wp:featuredmedia":[{"embeddable":true,"href":"https:\/\/alleegalerii.ee\/en\/wp-json\/wp\/v2\/media\/17277"}],"wp:attachment":[{"href":"https:\/\/alleegalerii.ee\/en\/wp-json\/wp\/v2\/media?parent=17276"}],"wp:term":[{"taxonomy":"product_brand","embeddable":true,"href":"https:\/\/alleegalerii.ee\/en\/wp-json\/wp\/v2\/product_brand?post=17276"},{"taxonomy":"product_cat","embeddable":true,"href":"https:\/\/alleegalerii.ee\/en\/wp-json\/wp\/v2\/product_cat?post=17276"},{"taxonomy":"product_tag","embeddable":true,"href":"https:\/\/alleegalerii.ee\/en\/wp-json\/wp\/v2\/product_tag?post=17276"}],"curies":[{"name":"wp","href":"https:\/\/api.w.org\/{rel}","templated":true}]}}