{"id":17273,"date":"2024-04-27T12:41:58","date_gmt":"2024-04-27T09:41:58","guid":{"rendered":"https:\/\/alleegalerii.ee\/?post_type=product&#038;p=17273"},"modified":"2024-04-27T13:15:26","modified_gmt":"2024-04-27T10:15:26","slug":"ashot-jegikjan-tutarlaps-tassiga-1999","status":"publish","type":"product","link":"https:\/\/alleegalerii.ee\/en\/shop\/ashot-jegikjan-tutarlaps-tassiga-1999\/","title":{"rendered":"Ashot Jegikjan &#8220;T\u00fctarlaps tassiga&#8221;, 1999"},"content":{"rendered":"","protected":false},"excerpt":{"rendered":"<p>\u00d5li Soome papil. Raamitud.<\/p>\n<p>M\u00f5\u00f5dud: 57 x 50 cm, raamiga 59 x 52 cm<\/p>\n<p>All vasakul: Jegikeon 99<br \/>\nP\u00f6\u00f6rdel: A. Jegikeon 99. \/ A. Jegikjan 1999. \/ A. JEGIKJAN 1999. &#8220;T\u00fctarlaps tassiga&#8221;<\/p>\n<p>Jerevanis s\u00fcndinud ning alates 1985. aastast Tallinnas aktiivselt tegutsenud Ashot Jegikjan nimetab ise enda stiili mummuismiks, l\u00e4bi mille annab kunstnik edasi soojust, r\u00f5\u00f5mu ja positiivsust.<\/p>\n<p>Nii ka k\u00e4esolevas teoses, mille peategelane tundub parajasti olevat inspiratsioonihoos, mille saab peatada vaid hetkeks, et kiire energiat andev tass teed alla neelata ja seej\u00e4rel koheselt millegi t\u00e4htsa loomisega j\u00e4tkata.<\/p>\n<p class=\"font_8 wixui-rich-text__text\"><span class=\"wixui-rich-text__text\">Jegikjan on Eesti Kunstnike Liidu ja \u00a0Eesti Maalikunstnike Liidu liige.<\/span><\/p>\n","protected":false},"featured_media":17274,"template":"","meta":{"_acf_changed":false},"product_brand":[],"product_cat":[415,56,59],"product_tag":[60],"class_list":{"0":"post-17273","1":"product","2":"type-product","3":"status-publish","4":"has-post-thumbnail","6":"product_cat-maal","7":"product_cat-olimaal","8":"product_cat-e-pood","9":"product_tag-e-pood","11":"first","12":"instock","13":"sold-individually","14":"shipping-taxable","15":"purchasable","16":"product-type-simple"},"acf":[],"_links":{"self":[{"href":"https:\/\/alleegalerii.ee\/en\/wp-json\/wp\/v2\/product\/17273","targetHints":{"allow":["GET"]}}],"collection":[{"href":"https:\/\/alleegalerii.ee\/en\/wp-json\/wp\/v2\/product"}],"about":[{"href":"https:\/\/alleegalerii.ee\/en\/wp-json\/wp\/v2\/types\/product"}],"wp:featuredmedia":[{"embeddable":true,"href":"https:\/\/alleegalerii.ee\/en\/wp-json\/wp\/v2\/media\/17274"}],"wp:attachment":[{"href":"https:\/\/alleegalerii.ee\/en\/wp-json\/wp\/v2\/media?parent=17273"}],"wp:term":[{"taxonomy":"product_brand","embeddable":true,"href":"https:\/\/alleegalerii.ee\/en\/wp-json\/wp\/v2\/product_brand?post=17273"},{"taxonomy":"product_cat","embeddable":true,"href":"https:\/\/alleegalerii.ee\/en\/wp-json\/wp\/v2\/product_cat?post=17273"},{"taxonomy":"product_tag","embeddable":true,"href":"https:\/\/alleegalerii.ee\/en\/wp-json\/wp\/v2\/product_tag?post=17273"}],"curies":[{"name":"wp","href":"https:\/\/api.w.org\/{rel}","templated":true}]}}