{"id":17183,"date":"2024-04-20T16:42:37","date_gmt":"2024-04-20T13:42:37","guid":{"rendered":"https:\/\/alleegalerii.ee\/?post_type=product&#038;p=17183"},"modified":"2026-01-16T16:41:50","modified_gmt":"2026-01-16T14:41:50","slug":"eugen-ducker-mererannik-rugenil-1875-1900","status":"publish","type":"product","link":"https:\/\/alleegalerii.ee\/en\/shop\/eugen-ducker-mererannik-rugenil-1875-1900\/","title":{"rendered":"Eugen D\u00fccker &#8220;Mererannik R\u00fcgenil&#8221;, 1875-1900"},"content":{"rendered":"","protected":false},"excerpt":{"rendered":"<p>\u00d5li l\u00f5uendil. Raamitud.<\/p>\n<p>M\u00f5\u00f5dud: 44 x 66,1 cm, raamiga 57 x 79 cm.<\/p>\n<p>Kuressaarest p\u00e4rit Eugen D\u00fccker (1841-1916) sai kunstihariduse Peterburis ning akadeemia l\u00f5put\u00f6\u00f6 hiilgava teostamise eest p\u00e4lvis stipendiumi Saksamaale minekuks, kust temast hiljem sai professor D\u00fcsseldorfi Kunstiakadeemias. Muuhulgas oli tema \u00f5pilaseks seal teinegi eesti p\u00e4ritolu kunstnik Oskar Hoffmann.<\/p>\n","protected":false},"featured_media":17184,"template":"","meta":{"_acf_changed":false},"product_brand":[],"product_cat":[415,56,59],"product_tag":[60],"class_list":{"0":"post-17183","1":"product","2":"type-product","3":"status-publish","4":"has-post-thumbnail","6":"product_cat-maal","7":"product_cat-olimaal","8":"product_cat-e-pood","9":"product_tag-e-pood","11":"first","12":"instock","13":"sold-individually","14":"shipping-taxable","15":"purchasable","16":"product-type-simple"},"acf":[],"_links":{"self":[{"href":"https:\/\/alleegalerii.ee\/en\/wp-json\/wp\/v2\/product\/17183","targetHints":{"allow":["GET"]}}],"collection":[{"href":"https:\/\/alleegalerii.ee\/en\/wp-json\/wp\/v2\/product"}],"about":[{"href":"https:\/\/alleegalerii.ee\/en\/wp-json\/wp\/v2\/types\/product"}],"wp:featuredmedia":[{"embeddable":true,"href":"https:\/\/alleegalerii.ee\/en\/wp-json\/wp\/v2\/media\/17184"}],"wp:attachment":[{"href":"https:\/\/alleegalerii.ee\/en\/wp-json\/wp\/v2\/media?parent=17183"}],"wp:term":[{"taxonomy":"product_brand","embeddable":true,"href":"https:\/\/alleegalerii.ee\/en\/wp-json\/wp\/v2\/product_brand?post=17183"},{"taxonomy":"product_cat","embeddable":true,"href":"https:\/\/alleegalerii.ee\/en\/wp-json\/wp\/v2\/product_cat?post=17183"},{"taxonomy":"product_tag","embeddable":true,"href":"https:\/\/alleegalerii.ee\/en\/wp-json\/wp\/v2\/product_tag?post=17183"}],"curies":[{"name":"wp","href":"https:\/\/api.w.org\/{rel}","templated":true}]}}